{"id":1323,"date":"2024-12-26T03:41:20","date_gmt":"2024-12-26T03:41:20","guid":{"rendered":"https:\/\/webaze.com\/web\/?page_id=1323"},"modified":"2025-08-01T00:45:28","modified_gmt":"2025-08-01T00:45:28","slug":"netvaerksloesninger","status":"publish","type":"page","link":"https:\/\/webaze.com\/web\/netvaerksloesninger\/","title":{"rendered":"SD-WAN"},"content":{"rendered":"\n<h1 class=\"wp-block-heading has-text-align-center\">Netv\u00e6rk med SD-WAN<\/h1>\n\n\n\n<div style=\"height:68px\" aria-hidden=\"true\" class=\"wp-block-spacer\"><\/div>\n\n\n\n<h3 class=\"wp-block-heading\">Effektiv, fleksibel og prisvenlig SD-WAN l\u00f8sninger<\/h3>\n\n\n\n<p>Velkommen til fremtidens netv\u00e6rksl\u00f8sning! Med vores SD-WAN l\u00f8sning f\u00e5r du en omkostningseffektiv og fleksibel erstatning for de klassiske, dyrere MPLS-netv\u00e6rk. L\u00f8sningen giver dig avanceret funktionalitet og uovertruffen fleksibilitet til en br\u00f8kdel af prisen.<\/p>\n\n\n\n<h4 class=\"wp-block-heading\">Hvorfor v\u00e6lge vores SD-WAN?<\/h4>\n\n\n\n<ul class=\"wp-block-list\">\n<li><strong>Skalerbart og dynamisk<\/strong>: Tilslut nemt nye lokationer, hjemmearbejdspladser eller mobile medarbejdere til dit netv\u00e6rk \u2013 hurtigt og uden besv\u00e6r. Alle enheder f\u00e5r med det samme adgang til relevante ressourcer og lokationer.<\/li>\n\n\n\n<li><strong>Hurtig etablering<\/strong>: Med vores erfaring og optimerede processer kan vi ops\u00e6tte netv\u00e6rk med medium kompleksitet p\u00e5 f\u00e5 dage.<\/li>\n\n\n\n<li><strong>Avancerede muligheder<\/strong>: Tilpas din netv\u00e6rkstopologi med avanceret trafikstyring, adgangsfiltrering og sikkerhed.<\/li>\n\n\n\n<li><strong>MPLS-l\u00f8sninger<\/strong> er bundet til faste forbindelser. Vores SD-WAN kan ogs\u00e5 udnytte 4G og 5G for maksimal fleksibilitet til mobile og midlertidige arbejdspladser.<\/li>\n\n\n\n<li><strong>Op til 90% besparelse<\/strong>: Vores priser ligger p\u00e5 ca. \u00e9n tiendedel af MPLS, s\u00e5 du kan reducere dine netv\u00e6rksomkostninger markant.<\/li>\n\n\n\n<li><strong>Ingen anvendelse<\/strong> af Kinesisk udstyr<\/li>\n<\/ul>\n\n\n\n<h4 class=\"wp-block-heading\">Sikker og p\u00e5lidelig adgang til hele netv\u00e6rket<\/h4>\n\n\n\n<p>Med vores SD-WAN l\u00f8sning f\u00e5r du fuld kontrol over dit netv\u00e6rk. Trafikken kan segmenteres og styres efter behov, hvilket sikrer en sikker og p\u00e5lidelig forbindelse p\u00e5 tv\u00e6rs af lokationer og brugere.<\/p>\n\n\n\n<h4 class=\"wp-block-heading\">Mange \u00e5rs erfaring og lokal ekspertise \u2013 din garanti for kvalitet<\/h4>\n\n\n\n<p>Vi har leveret netv\u00e6rksl\u00f8sninger til danske kommuner og st\u00f8rre sikringsfirmaer i over 12 \u00e5r. Alle vores installationer og support udf\u00f8res af fagl\u00e6rt og dansk uddannet personale, hvilket sikrer h\u00f8j kvalitet og en p\u00e5lidelig service. Med os som partner f\u00e5r du ikke bare en leverand\u00f8r, men en samarbejdspartner, der forst\u00e5r dine behov og leverer tilpassede l\u00f8sninger.<\/p>\n\n\n\n<h4 class=\"wp-block-heading\">Kontakt os i dag<\/h4>\n\n\n\n<p>Lad os hj\u00e6lpe dig med oprette eller migrere dit netv\u00e6rk. Kontakt os allerede i dag for en uforpligtende samtale om, hvordan vores SD-WAN l\u00f8sning kan skabe v\u00e6rdi for din virksomhed.<\/p>\n","protected":false},"excerpt":{"rendered":"<p>Netv\u00e6rk med SD-WAN Effektiv, fleksibel og prisvenlig SD-WAN l\u00f8sninger Velkommen til fremtidens netv\u00e6rksl\u00f8sning! Med vores SD-WAN l\u00f8sning f\u00e5r du en omkostningseffektiv og fleksibel erstatning for de klassiske, dyrere MPLS-netv\u00e6rk. L\u00f8sningen giver dig avanceret funktionalitet og uovertruffen fleksibilitet til en br\u00f8kdel af prisen. Hvorfor v\u00e6lge vores SD-WAN? Sikker og p\u00e5lidelig adgang til hele netv\u00e6rket Med vores [&hellip;]<\/p>\n","protected":false},"author":1,"featured_media":0,"parent":0,"menu_order":0,"comment_status":"closed","ping_status":"closed","template":"","meta":{"saved_in_kubio":false,"footnotes":""},"class_list":["post-1323","page","type-page","status-publish","hentry"],"kubio_ai_page_context":{"short_desc":"","purpose":"general"},"yoast_head":"<!-- This site is optimized with the Yoast SEO plugin v27.1.1 - https:\/\/yoast.com\/product\/yoast-seo-wordpress\/ -->\n<title>SD-WAN - Webaze.com<\/title>\n<meta name=\"description\" content=\"Velkommen til fremtidens netv\u00e6rksl\u00f8sning! Med vores SD-WAN l\u00f8sning f\u00e5r du en omkostningseffektiv og fleksibel erstatning for de klassiske, dyrere MPLS-netv\u00e6rk\" \/>\n<meta name=\"robots\" content=\"index, follow, max-snippet:-1, max-image-preview:large, max-video-preview:-1\" \/>\n<link rel=\"canonical\" href=\"https:\/\/webaze.com\/web\/netvaerksloesninger\/\" \/>\n<meta property=\"og:locale\" content=\"da_DK\" \/>\n<meta property=\"og:type\" content=\"article\" \/>\n<meta property=\"og:title\" content=\"SD-WAN - Webaze.com\" \/>\n<meta property=\"og:description\" content=\"Velkommen til fremtidens netv\u00e6rksl\u00f8sning! Med vores SD-WAN l\u00f8sning f\u00e5r du en omkostningseffektiv og fleksibel erstatning for de klassiske, dyrere MPLS-netv\u00e6rk\" \/>\n<meta property=\"og:url\" content=\"https:\/\/webaze.com\/web\/netvaerksloesninger\/\" \/>\n<meta property=\"og:site_name\" content=\"Webaze.com\" \/>\n<meta property=\"article:modified_time\" content=\"2025-08-01T00:45:28+00:00\" \/>\n<meta name=\"twitter:card\" content=\"summary_large_image\" \/>\n<meta name=\"twitter:label1\" content=\"Estimeret l\u00e6setid\" \/>\n\t<meta name=\"twitter:data1\" content=\"2 minutter\" \/>\n<script type=\"application\/ld+json\" class=\"yoast-schema-graph\">{\"@context\":\"https:\/\/schema.org\",\"@graph\":[{\"@type\":\"WebPage\",\"@id\":\"https:\/\/webaze.com\/web\/netvaerksloesninger\/\",\"url\":\"https:\/\/webaze.com\/web\/netvaerksloesninger\/\",\"name\":\"SD-WAN - Webaze.com\",\"isPartOf\":{\"@id\":\"https:\/\/webaze.com\/web\/#website\"},\"datePublished\":\"2024-12-26T03:41:20+00:00\",\"dateModified\":\"2025-08-01T00:45:28+00:00\",\"description\":\"Velkommen til fremtidens netv\u00e6rksl\u00f8sning! Med vores SD-WAN l\u00f8sning f\u00e5r du en omkostningseffektiv og fleksibel erstatning for de klassiske, dyrere MPLS-netv\u00e6rk\",\"breadcrumb\":{\"@id\":\"https:\/\/webaze.com\/web\/netvaerksloesninger\/#breadcrumb\"},\"inLanguage\":\"da-DK\",\"potentialAction\":[{\"@type\":\"ReadAction\",\"target\":[\"https:\/\/webaze.com\/web\/netvaerksloesninger\/\"]}]},{\"@type\":\"BreadcrumbList\",\"@id\":\"https:\/\/webaze.com\/web\/netvaerksloesninger\/#breadcrumb\",\"itemListElement\":[{\"@type\":\"ListItem\",\"position\":1,\"name\":\"Hjem\",\"item\":\"https:\/\/webaze.com\/web\/\"},{\"@type\":\"ListItem\",\"position\":2,\"name\":\"SD-WAN\"}]},{\"@type\":\"WebSite\",\"@id\":\"https:\/\/webaze.com\/web\/#website\",\"url\":\"https:\/\/webaze.com\/web\/\",\"name\":\"Webaze.com\",\"description\":\"Cloud - Netv\u00e6rk - VPN - Salto - SimonsVoss\",\"publisher\":{\"@id\":\"https:\/\/webaze.com\/web\/#organization\"},\"potentialAction\":[{\"@type\":\"SearchAction\",\"target\":{\"@type\":\"EntryPoint\",\"urlTemplate\":\"https:\/\/webaze.com\/web\/?s={search_term_string}\"},\"query-input\":{\"@type\":\"PropertyValueSpecification\",\"valueRequired\":true,\"valueName\":\"search_term_string\"}}],\"inLanguage\":\"da-DK\"},{\"@type\":\"Organization\",\"@id\":\"https:\/\/webaze.com\/web\/#organization\",\"name\":\"Webaze.com\",\"url\":\"https:\/\/webaze.com\/web\/\",\"logo\":{\"@type\":\"ImageObject\",\"inLanguage\":\"da-DK\",\"@id\":\"https:\/\/webaze.com\/web\/#\/schema\/logo\/image\/\",\"url\":\"https:\/\/webaze.com\/web\/wp-content\/uploads\/2022\/04\/full-size-icon_trimmed.png\",\"contentUrl\":\"https:\/\/webaze.com\/web\/wp-content\/uploads\/2022\/04\/full-size-icon_trimmed.png\",\"width\":946,\"height\":508,\"caption\":\"Webaze.com\"},\"image\":{\"@id\":\"https:\/\/webaze.com\/web\/#\/schema\/logo\/image\/\"}}]}<\/script>\n<!-- \/ Yoast SEO plugin. -->","yoast_head_json":{"title":"SD-WAN - Webaze.com","description":"Velkommen til fremtidens netv\u00e6rksl\u00f8sning! Med vores SD-WAN l\u00f8sning f\u00e5r du en omkostningseffektiv og fleksibel erstatning for de klassiske, dyrere MPLS-netv\u00e6rk","robots":{"index":"index","follow":"follow","max-snippet":"max-snippet:-1","max-image-preview":"max-image-preview:large","max-video-preview":"max-video-preview:-1"},"canonical":"https:\/\/webaze.com\/web\/netvaerksloesninger\/","og_locale":"da_DK","og_type":"article","og_title":"SD-WAN - Webaze.com","og_description":"Velkommen til fremtidens netv\u00e6rksl\u00f8sning! Med vores SD-WAN l\u00f8sning f\u00e5r du en omkostningseffektiv og fleksibel erstatning for de klassiske, dyrere MPLS-netv\u00e6rk","og_url":"https:\/\/webaze.com\/web\/netvaerksloesninger\/","og_site_name":"Webaze.com","article_modified_time":"2025-08-01T00:45:28+00:00","twitter_card":"summary_large_image","twitter_misc":{"Estimeret l\u00e6setid":"2 minutter"},"schema":{"@context":"https:\/\/schema.org","@graph":[{"@type":"WebPage","@id":"https:\/\/webaze.com\/web\/netvaerksloesninger\/","url":"https:\/\/webaze.com\/web\/netvaerksloesninger\/","name":"SD-WAN - Webaze.com","isPartOf":{"@id":"https:\/\/webaze.com\/web\/#website"},"datePublished":"2024-12-26T03:41:20+00:00","dateModified":"2025-08-01T00:45:28+00:00","description":"Velkommen til fremtidens netv\u00e6rksl\u00f8sning! Med vores SD-WAN l\u00f8sning f\u00e5r du en omkostningseffektiv og fleksibel erstatning for de klassiske, dyrere MPLS-netv\u00e6rk","breadcrumb":{"@id":"https:\/\/webaze.com\/web\/netvaerksloesninger\/#breadcrumb"},"inLanguage":"da-DK","potentialAction":[{"@type":"ReadAction","target":["https:\/\/webaze.com\/web\/netvaerksloesninger\/"]}]},{"@type":"BreadcrumbList","@id":"https:\/\/webaze.com\/web\/netvaerksloesninger\/#breadcrumb","itemListElement":[{"@type":"ListItem","position":1,"name":"Hjem","item":"https:\/\/webaze.com\/web\/"},{"@type":"ListItem","position":2,"name":"SD-WAN"}]},{"@type":"WebSite","@id":"https:\/\/webaze.com\/web\/#website","url":"https:\/\/webaze.com\/web\/","name":"Webaze.com","description":"Cloud - Netv\u00e6rk - VPN - Salto - SimonsVoss","publisher":{"@id":"https:\/\/webaze.com\/web\/#organization"},"potentialAction":[{"@type":"SearchAction","target":{"@type":"EntryPoint","urlTemplate":"https:\/\/webaze.com\/web\/?s={search_term_string}"},"query-input":{"@type":"PropertyValueSpecification","valueRequired":true,"valueName":"search_term_string"}}],"inLanguage":"da-DK"},{"@type":"Organization","@id":"https:\/\/webaze.com\/web\/#organization","name":"Webaze.com","url":"https:\/\/webaze.com\/web\/","logo":{"@type":"ImageObject","inLanguage":"da-DK","@id":"https:\/\/webaze.com\/web\/#\/schema\/logo\/image\/","url":"https:\/\/webaze.com\/web\/wp-content\/uploads\/2022\/04\/full-size-icon_trimmed.png","contentUrl":"https:\/\/webaze.com\/web\/wp-content\/uploads\/2022\/04\/full-size-icon_trimmed.png","width":946,"height":508,"caption":"Webaze.com"},"image":{"@id":"https:\/\/webaze.com\/web\/#\/schema\/logo\/image\/"}}]}},"_links":{"self":[{"href":"https:\/\/webaze.com\/web\/wp-json\/wp\/v2\/pages\/1323","targetHints":{"allow":["GET"]}}],"collection":[{"href":"https:\/\/webaze.com\/web\/wp-json\/wp\/v2\/pages"}],"about":[{"href":"https:\/\/webaze.com\/web\/wp-json\/wp\/v2\/types\/page"}],"author":[{"embeddable":true,"href":"https:\/\/webaze.com\/web\/wp-json\/wp\/v2\/users\/1"}],"replies":[{"embeddable":true,"href":"https:\/\/webaze.com\/web\/wp-json\/wp\/v2\/comments?post=1323"}],"version-history":[{"count":12,"href":"https:\/\/webaze.com\/web\/wp-json\/wp\/v2\/pages\/1323\/revisions"}],"predecessor-version":[{"id":1404,"href":"https:\/\/webaze.com\/web\/wp-json\/wp\/v2\/pages\/1323\/revisions\/1404"}],"wp:attachment":[{"href":"https:\/\/webaze.com\/web\/wp-json\/wp\/v2\/media?parent=1323"}],"curies":[{"name":"wp","href":"https:\/\/api.w.org\/{rel}","templated":true}]}}