{"id":1342,"date":"2025-04-01T10:56:23","date_gmt":"2025-04-01T10:56:23","guid":{"rendered":"https:\/\/webaze.com\/web\/?page_id=1342"},"modified":"2026-03-09T16:26:21","modified_gmt":"2026-03-09T16:26:21","slug":"customaccess","status":"publish","type":"page","link":"https:\/\/webaze.com\/web\/customaccess\/","title":{"rendered":"Custom Access"},"content":{"rendered":"\n<h1 class=\"wp-block-heading has-text-align-center\">Netv\u00e6rk til kundesupport<\/h1>\n\n\n\n<div style=\"height:58px\" aria-hidden=\"true\" class=\"wp-block-spacer\"><\/div>\n\n\n\n<h3 class=\"wp-block-heading has-text-align-center\">Nyeste generation fjern-netv\u00e6rk med kundestyret adgang \ud83d\udd12<\/h3>\n\n\n\n<div style=\"height:8px\" aria-hidden=\"true\" class=\"wp-block-spacer\"><\/div>\n\n\n\n<p>Supporterer i som sikringsvirksomhed kameraer, NVR, ABA eller andet udstyr hos jeres kunder?<\/p>\n\n\n\n<p>S\u00e5 kan I nu tilbyde en bedre, mere sikker og fuld kunde-kontrolleret l\u00f8sning. \ud83d\udd10<\/p>\n\n\n\n<p>Slip for ufleksible port-forwards hos kunderne og f\u00e5 i stedet fordele som enheds-scanning direkte i jeres favorit klient-software (som om i befinder jer p\u00e5 lokationen)<br><br>Med denne l\u00f8sning kan der ske netv\u00e6rks \u00e6ndringer hos kunden uden i mister adgang. F.eks ved opdatering\/nulstilling af kundens router, hvor IP-forwards ofte g\u00e5r tabt, eller n\u00e5r udstyret f\u00e5r ny IP.<br>Det kan i mange tilf\u00e6lde spare en tur ud til kunden.<\/p>\n\n\n\n<p><strong>Hvordan virker det?<\/strong><\/p>\n\n\n\n<ul class=\"wp-block-list\">\n<li>En lille boks kobles p\u00e5 kundens netv\u00e6rk med et alm. LAN kabel, f\u00e6rdig.<\/li>\n\n\n\n<li>Via en web-app anmoder I om adgang med \u00e9t klik.<\/li>\n\n\n\n<li>Kunden godkender adgangen med et &#8220;swipe&#8221; \u2013 den lukkes igen automatisk efter valgt tidsperiode eller ved afslutning.<\/li>\n<\/ul>\n\n\n\n<p><strong>Hvorfor nu?<\/strong><\/p>\n\n\n\n<ul class=\"wp-block-list\">\n<li>Tryghed: Efter episoder med uheldig brug af video adgang, eftersp\u00f8rger kunderne mere kontrol.<\/li>\n\n\n\n<li>NIS2: Med sk\u00e6rpede krav til cybersikkerhed er dette et oplagt skridt.<\/li>\n\n\n\n<li>Et st\u00e6rkt salgsargument: Tilbyd en add-on-service, der skiller sig ud og styrker jeres relation til kunderne.<\/li>\n<\/ul>\n\n\n\n<p><\/p>\n\n\n\n<p><strong>Andre features:<\/strong><\/p>\n\n\n\n<ul class=\"wp-block-list\">\n<li>Logging af login og support-sessions<\/li>\n\n\n\n<li>Black- eller whitelisting af b\u00e5de IP og MAC adresser.<\/li>\n\n\n\n<li>Layer 2 level support adgang &#8211; brug egen klient software &#8211; ikke kun web-interface.<\/li>\n\n\n\n<li>2FA sikring af login og support adgang.<\/li>\n<\/ul>\n\n\n\n<p><\/p>\n\n\n\n<p>For yderligere info og gratis demo adgang, kontakt os <a href=\"https:\/\/webaze.com\/web\/kontakt-os\/\">her<\/a><\/p>\n\n\n\n<div style=\"height:51px\" aria-hidden=\"true\" class=\"wp-block-spacer\"><\/div>\n\n\n\n<h5 class=\"wp-block-heading has-text-align-center\">Kort video demo (ingen lyd)<\/h5>\n\n\n\n<figure class=\"wp-block-video aligncenter\"><video height=\"1036\" style=\"aspect-ratio: 1920 \/ 1036;\" width=\"1920\" controls src=\"https:\/\/webaze.com\/web\/wp-content\/uploads\/2025\/09\/CustomAccess.mp4\"><\/video><\/figure>\n\n\n\n<div style=\"height:47px\" aria-hidden=\"true\" class=\"wp-block-spacer\"><\/div>\n\n\n\n<p><\/p>\n","protected":false},"excerpt":{"rendered":"<p>Netv\u00e6rk til kundesupport Nyeste generation fjern-netv\u00e6rk med kundestyret adgang \ud83d\udd12 Supporterer i som sikringsvirksomhed kameraer, NVR, ABA eller andet udstyr hos jeres kunder? S\u00e5 kan I nu tilbyde en bedre, mere sikker og fuld kunde-kontrolleret l\u00f8sning. \ud83d\udd10 Slip for ufleksible port-forwards hos kunderne og f\u00e5 i stedet fordele som enheds-scanning direkte i jeres favorit klient-software [&hellip;]<\/p>\n","protected":false},"author":1,"featured_media":0,"parent":0,"menu_order":0,"comment_status":"closed","ping_status":"closed","template":"","meta":{"saved_in_kubio":false,"footnotes":""},"class_list":["post-1342","page","type-page","status-publish","hentry"],"kubio_ai_page_context":{"short_desc":"","purpose":"general"},"yoast_head":"<!-- This site is optimized with the Yoast SEO plugin v27.3 - https:\/\/yoast.com\/product\/yoast-seo-wordpress\/ -->\n<title>Custom Access - Webaze.com<\/title>\n<meta name=\"description\" content=\"Giv dine support kunder tryghed og kontrol med dine adgange. Anmod med \u00e9t klik om adgang via en webapp, kunderne godkender med et swipe. Nemt og sikkert.\" \/>\n<meta name=\"robots\" content=\"index, follow, max-snippet:-1, max-image-preview:large, max-video-preview:-1\" \/>\n<link rel=\"canonical\" href=\"https:\/\/webaze.com\/web\/customaccess\/\" \/>\n<meta property=\"og:locale\" content=\"da_DK\" \/>\n<meta property=\"og:type\" content=\"article\" \/>\n<meta property=\"og:title\" content=\"Custom Access - Webaze.com\" \/>\n<meta property=\"og:description\" content=\"Giv dine support kunder tryghed og kontrol med dine adgange. Anmod med \u00e9t klik om adgang via en webapp, kunderne godkender med et swipe. Nemt og sikkert.\" \/>\n<meta property=\"og:url\" content=\"https:\/\/webaze.com\/web\/customaccess\/\" \/>\n<meta property=\"og:site_name\" content=\"Webaze.com\" \/>\n<meta property=\"article:modified_time\" content=\"2026-03-09T16:26:21+00:00\" \/>\n<meta name=\"twitter:card\" content=\"summary_large_image\" \/>\n<meta name=\"twitter:label1\" content=\"Estimeret l\u00e6setid\" \/>\n\t<meta name=\"twitter:data1\" content=\"2 minutter\" \/>\n<script type=\"application\/ld+json\" class=\"yoast-schema-graph\">{\"@context\":\"https:\\\/\\\/schema.org\",\"@graph\":[{\"@type\":\"WebPage\",\"@id\":\"https:\\\/\\\/webaze.com\\\/web\\\/customaccess\\\/\",\"url\":\"https:\\\/\\\/webaze.com\\\/web\\\/customaccess\\\/\",\"name\":\"Custom Access - Webaze.com\",\"isPartOf\":{\"@id\":\"https:\\\/\\\/webaze.com\\\/web\\\/#website\"},\"datePublished\":\"2025-04-01T10:56:23+00:00\",\"dateModified\":\"2026-03-09T16:26:21+00:00\",\"description\":\"Giv dine support kunder tryghed og kontrol med dine adgange. Anmod med \u00e9t klik om adgang via en webapp, kunderne godkender med et swipe. Nemt og sikkert.\",\"breadcrumb\":{\"@id\":\"https:\\\/\\\/webaze.com\\\/web\\\/customaccess\\\/#breadcrumb\"},\"inLanguage\":\"da-DK\",\"potentialAction\":[{\"@type\":\"ReadAction\",\"target\":[\"https:\\\/\\\/webaze.com\\\/web\\\/customaccess\\\/\"]}]},{\"@type\":\"BreadcrumbList\",\"@id\":\"https:\\\/\\\/webaze.com\\\/web\\\/customaccess\\\/#breadcrumb\",\"itemListElement\":[{\"@type\":\"ListItem\",\"position\":1,\"name\":\"Hjem\",\"item\":\"https:\\\/\\\/webaze.com\\\/web\\\/\"},{\"@type\":\"ListItem\",\"position\":2,\"name\":\"Custom Access\"}]},{\"@type\":\"WebSite\",\"@id\":\"https:\\\/\\\/webaze.com\\\/web\\\/#website\",\"url\":\"https:\\\/\\\/webaze.com\\\/web\\\/\",\"name\":\"Webaze.com\",\"description\":\"Cloud - Netv\u00e6rk - VPN - Salto - SimonsVoss\",\"publisher\":{\"@id\":\"https:\\\/\\\/webaze.com\\\/web\\\/#organization\"},\"potentialAction\":[{\"@type\":\"SearchAction\",\"target\":{\"@type\":\"EntryPoint\",\"urlTemplate\":\"https:\\\/\\\/webaze.com\\\/web\\\/?s={search_term_string}\"},\"query-input\":{\"@type\":\"PropertyValueSpecification\",\"valueRequired\":true,\"valueName\":\"search_term_string\"}}],\"inLanguage\":\"da-DK\"},{\"@type\":\"Organization\",\"@id\":\"https:\\\/\\\/webaze.com\\\/web\\\/#organization\",\"name\":\"Webaze.com\",\"url\":\"https:\\\/\\\/webaze.com\\\/web\\\/\",\"logo\":{\"@type\":\"ImageObject\",\"inLanguage\":\"da-DK\",\"@id\":\"https:\\\/\\\/webaze.com\\\/web\\\/#\\\/schema\\\/logo\\\/image\\\/\",\"url\":\"https:\\\/\\\/webaze.com\\\/web\\\/wp-content\\\/uploads\\\/2022\\\/04\\\/full-size-icon_trimmed.png\",\"contentUrl\":\"https:\\\/\\\/webaze.com\\\/web\\\/wp-content\\\/uploads\\\/2022\\\/04\\\/full-size-icon_trimmed.png\",\"width\":946,\"height\":508,\"caption\":\"Webaze.com\"},\"image\":{\"@id\":\"https:\\\/\\\/webaze.com\\\/web\\\/#\\\/schema\\\/logo\\\/image\\\/\"}}]}<\/script>\n<!-- \/ Yoast SEO plugin. -->","yoast_head_json":{"title":"Custom Access - Webaze.com","description":"Giv dine support kunder tryghed og kontrol med dine adgange. Anmod med \u00e9t klik om adgang via en webapp, kunderne godkender med et swipe. Nemt og sikkert.","robots":{"index":"index","follow":"follow","max-snippet":"max-snippet:-1","max-image-preview":"max-image-preview:large","max-video-preview":"max-video-preview:-1"},"canonical":"https:\/\/webaze.com\/web\/customaccess\/","og_locale":"da_DK","og_type":"article","og_title":"Custom Access - Webaze.com","og_description":"Giv dine support kunder tryghed og kontrol med dine adgange. Anmod med \u00e9t klik om adgang via en webapp, kunderne godkender med et swipe. Nemt og sikkert.","og_url":"https:\/\/webaze.com\/web\/customaccess\/","og_site_name":"Webaze.com","article_modified_time":"2026-03-09T16:26:21+00:00","twitter_card":"summary_large_image","twitter_misc":{"Estimeret l\u00e6setid":"2 minutter"},"schema":{"@context":"https:\/\/schema.org","@graph":[{"@type":"WebPage","@id":"https:\/\/webaze.com\/web\/customaccess\/","url":"https:\/\/webaze.com\/web\/customaccess\/","name":"Custom Access - Webaze.com","isPartOf":{"@id":"https:\/\/webaze.com\/web\/#website"},"datePublished":"2025-04-01T10:56:23+00:00","dateModified":"2026-03-09T16:26:21+00:00","description":"Giv dine support kunder tryghed og kontrol med dine adgange. Anmod med \u00e9t klik om adgang via en webapp, kunderne godkender med et swipe. Nemt og sikkert.","breadcrumb":{"@id":"https:\/\/webaze.com\/web\/customaccess\/#breadcrumb"},"inLanguage":"da-DK","potentialAction":[{"@type":"ReadAction","target":["https:\/\/webaze.com\/web\/customaccess\/"]}]},{"@type":"BreadcrumbList","@id":"https:\/\/webaze.com\/web\/customaccess\/#breadcrumb","itemListElement":[{"@type":"ListItem","position":1,"name":"Hjem","item":"https:\/\/webaze.com\/web\/"},{"@type":"ListItem","position":2,"name":"Custom Access"}]},{"@type":"WebSite","@id":"https:\/\/webaze.com\/web\/#website","url":"https:\/\/webaze.com\/web\/","name":"Webaze.com","description":"Cloud - Netv\u00e6rk - VPN - Salto - SimonsVoss","publisher":{"@id":"https:\/\/webaze.com\/web\/#organization"},"potentialAction":[{"@type":"SearchAction","target":{"@type":"EntryPoint","urlTemplate":"https:\/\/webaze.com\/web\/?s={search_term_string}"},"query-input":{"@type":"PropertyValueSpecification","valueRequired":true,"valueName":"search_term_string"}}],"inLanguage":"da-DK"},{"@type":"Organization","@id":"https:\/\/webaze.com\/web\/#organization","name":"Webaze.com","url":"https:\/\/webaze.com\/web\/","logo":{"@type":"ImageObject","inLanguage":"da-DK","@id":"https:\/\/webaze.com\/web\/#\/schema\/logo\/image\/","url":"https:\/\/webaze.com\/web\/wp-content\/uploads\/2022\/04\/full-size-icon_trimmed.png","contentUrl":"https:\/\/webaze.com\/web\/wp-content\/uploads\/2022\/04\/full-size-icon_trimmed.png","width":946,"height":508,"caption":"Webaze.com"},"image":{"@id":"https:\/\/webaze.com\/web\/#\/schema\/logo\/image\/"}}]}},"_links":{"self":[{"href":"https:\/\/webaze.com\/web\/wp-json\/wp\/v2\/pages\/1342","targetHints":{"allow":["GET"]}}],"collection":[{"href":"https:\/\/webaze.com\/web\/wp-json\/wp\/v2\/pages"}],"about":[{"href":"https:\/\/webaze.com\/web\/wp-json\/wp\/v2\/types\/page"}],"author":[{"embeddable":true,"href":"https:\/\/webaze.com\/web\/wp-json\/wp\/v2\/users\/1"}],"replies":[{"embeddable":true,"href":"https:\/\/webaze.com\/web\/wp-json\/wp\/v2\/comments?post=1342"}],"version-history":[{"count":33,"href":"https:\/\/webaze.com\/web\/wp-json\/wp\/v2\/pages\/1342\/revisions"}],"predecessor-version":[{"id":1601,"href":"https:\/\/webaze.com\/web\/wp-json\/wp\/v2\/pages\/1342\/revisions\/1601"}],"wp:attachment":[{"href":"https:\/\/webaze.com\/web\/wp-json\/wp\/v2\/media?parent=1342"}],"curies":[{"name":"wp","href":"https:\/\/api.w.org\/{rel}","templated":true}]}}