{"id":1466,"date":"2025-08-01T13:56:39","date_gmt":"2025-08-01T13:56:39","guid":{"rendered":"https:\/\/webaze.com\/web\/?page_id=1466"},"modified":"2025-09-02T11:10:41","modified_gmt":"2025-09-02T11:10:41","slug":"custom-access","status":"publish","type":"page","link":"https:\/\/webaze.com\/web\/priser\/custom-access\/","title":{"rendered":"Custom Access"},"content":{"rendered":"\n<h1 class=\"wp-block-heading has-text-align-center\">Custom Access Priser<\/h1>\n\n\n\n\n\n<p>Som l\u00e5sesmed eller sikringsvirksomhed f\u00e5r I \u00e9n samlet konto med overblik over alle jeres kunder og deres lokationer. <br>Herfra kan I hurtigt og nemt anmode kunden om adgang.<\/p>\n\n\n\n<p>Hver kundelokation priss\u00e6ttes efter st\u00f8rrelse (antal support enheder &#8211; NVR, Kamera etc) \u2013 se oversigten nedenfor.<\/p>\n\n\n\n<p>Ops\u00e6tningen inkluderer altid:<\/p>\n\n\n\n<ul class=\"wp-block-list\">\n<li>Levering af Custom Access-boks<\/li>\n\n\n\n<li>Konfiguration af systemet<\/li>\n\n\n\n<li>Koordinering af fysisk ops\u00e6tning hos kunden<\/li>\n<\/ul>\n\n\n\n<p>Boksen kan enten installeres af jer selv med telefonisk support, eller vi kan aftale, at vi udf\u00f8rer installationen ude p\u00e5 lokationen.<\/p>\n\n\n\n<p><\/p>\n\n\n\n<figure class=\"wp-block-table\"><table class=\"has-fixed-layout\"><thead><tr><th>Site-st\u00f8rrelse<\/th><th>M\u00e5nedlig pris<\/th><th>Ops\u00e6tning (engangsbetaling)<\/th><\/tr><\/thead><tbody><tr><td>Mini (1-2 enheder)<\/td><td>199 kr.<\/td><td>1.995 kr.<\/td><\/tr><tr><td>Medium (3-5 enheder)<\/td><td>249 kr.<\/td><td>2.495 kr.<\/td><\/tr><tr><td>Large (>5 enheder)<\/td><td>299 kr.<\/td><td>2.995 kr.<\/td><\/tr><tr><td><strong>Enterprise (>10)<\/strong><\/td><td><strong>Kontakt os for en god aftale<\/strong><\/td><td>\u2013<\/td><\/tr><\/tbody><\/table><\/figure>\n","protected":false},"excerpt":{"rendered":"<p>Custom Access Priser Som l\u00e5sesmed eller sikringsvirksomhed f\u00e5r I \u00e9n samlet konto med overblik over alle jeres kunder og deres lokationer. Herfra kan I hurtigt og nemt anmode kunden om adgang. Hver kundelokation priss\u00e6ttes efter st\u00f8rrelse (antal support enheder &#8211; NVR, Kamera etc) \u2013 se oversigten nedenfor. Ops\u00e6tningen inkluderer altid: Boksen kan enten installeres af [&hellip;]<\/p>\n","protected":false},"author":1,"featured_media":0,"parent":462,"menu_order":0,"comment_status":"closed","ping_status":"closed","template":"","meta":{"saved_in_kubio":false,"footnotes":""},"class_list":["post-1466","page","type-page","status-publish","hentry"],"kubio_ai_page_context":{"short_desc":"","purpose":"general"},"yoast_head":"<!-- This site is optimized with the Yoast SEO plugin v27.3 - https:\/\/yoast.com\/product\/yoast-seo-wordpress\/ -->\n<title>Custom Access - Webaze.com<\/title>\n<meta name=\"description\" content=\"Custom Access priser - Custom Access sikrer kontrol med netv\u00e6rks adgang til dine video l\u00f8sninger\" \/>\n<meta name=\"robots\" content=\"index, follow, max-snippet:-1, max-image-preview:large, max-video-preview:-1\" \/>\n<link rel=\"canonical\" href=\"https:\/\/webaze.com\/web\/priser\/custom-access\/\" \/>\n<meta property=\"og:locale\" content=\"da_DK\" \/>\n<meta property=\"og:type\" content=\"article\" \/>\n<meta property=\"og:title\" content=\"Custom Access - Webaze.com\" \/>\n<meta property=\"og:description\" content=\"Custom Access priser - Custom Access sikrer kontrol med netv\u00e6rks adgang til dine video l\u00f8sninger\" \/>\n<meta property=\"og:url\" content=\"https:\/\/webaze.com\/web\/priser\/custom-access\/\" \/>\n<meta property=\"og:site_name\" content=\"Webaze.com\" \/>\n<meta property=\"article:modified_time\" content=\"2025-09-02T11:10:41+00:00\" \/>\n<meta name=\"twitter:card\" content=\"summary_large_image\" \/>\n<script type=\"application\/ld+json\" class=\"yoast-schema-graph\">{\"@context\":\"https:\\\/\\\/schema.org\",\"@graph\":[{\"@type\":\"WebPage\",\"@id\":\"https:\\\/\\\/webaze.com\\\/web\\\/priser\\\/custom-access\\\/\",\"url\":\"https:\\\/\\\/webaze.com\\\/web\\\/priser\\\/custom-access\\\/\",\"name\":\"Custom Access - Webaze.com\",\"isPartOf\":{\"@id\":\"https:\\\/\\\/webaze.com\\\/web\\\/#website\"},\"datePublished\":\"2025-08-01T13:56:39+00:00\",\"dateModified\":\"2025-09-02T11:10:41+00:00\",\"description\":\"Custom Access priser - Custom Access sikrer kontrol med netv\u00e6rks adgang til dine video l\u00f8sninger\",\"breadcrumb\":{\"@id\":\"https:\\\/\\\/webaze.com\\\/web\\\/priser\\\/custom-access\\\/#breadcrumb\"},\"inLanguage\":\"da-DK\",\"potentialAction\":[{\"@type\":\"ReadAction\",\"target\":[\"https:\\\/\\\/webaze.com\\\/web\\\/priser\\\/custom-access\\\/\"]}]},{\"@type\":\"BreadcrumbList\",\"@id\":\"https:\\\/\\\/webaze.com\\\/web\\\/priser\\\/custom-access\\\/#breadcrumb\",\"itemListElement\":[{\"@type\":\"ListItem\",\"position\":1,\"name\":\"Hjem\",\"item\":\"https:\\\/\\\/webaze.com\\\/web\\\/\"},{\"@type\":\"ListItem\",\"position\":2,\"name\":\"Priser\",\"item\":\"https:\\\/\\\/webaze.com\\\/web\\\/priser\\\/\"},{\"@type\":\"ListItem\",\"position\":3,\"name\":\"Custom Access\"}]},{\"@type\":\"WebSite\",\"@id\":\"https:\\\/\\\/webaze.com\\\/web\\\/#website\",\"url\":\"https:\\\/\\\/webaze.com\\\/web\\\/\",\"name\":\"Webaze.com\",\"description\":\"Cloud - Netv\u00e6rk - VPN - Salto - SimonsVoss\",\"publisher\":{\"@id\":\"https:\\\/\\\/webaze.com\\\/web\\\/#organization\"},\"potentialAction\":[{\"@type\":\"SearchAction\",\"target\":{\"@type\":\"EntryPoint\",\"urlTemplate\":\"https:\\\/\\\/webaze.com\\\/web\\\/?s={search_term_string}\"},\"query-input\":{\"@type\":\"PropertyValueSpecification\",\"valueRequired\":true,\"valueName\":\"search_term_string\"}}],\"inLanguage\":\"da-DK\"},{\"@type\":\"Organization\",\"@id\":\"https:\\\/\\\/webaze.com\\\/web\\\/#organization\",\"name\":\"Webaze.com\",\"url\":\"https:\\\/\\\/webaze.com\\\/web\\\/\",\"logo\":{\"@type\":\"ImageObject\",\"inLanguage\":\"da-DK\",\"@id\":\"https:\\\/\\\/webaze.com\\\/web\\\/#\\\/schema\\\/logo\\\/image\\\/\",\"url\":\"https:\\\/\\\/webaze.com\\\/web\\\/wp-content\\\/uploads\\\/2022\\\/04\\\/full-size-icon_trimmed.png\",\"contentUrl\":\"https:\\\/\\\/webaze.com\\\/web\\\/wp-content\\\/uploads\\\/2022\\\/04\\\/full-size-icon_trimmed.png\",\"width\":946,\"height\":508,\"caption\":\"Webaze.com\"},\"image\":{\"@id\":\"https:\\\/\\\/webaze.com\\\/web\\\/#\\\/schema\\\/logo\\\/image\\\/\"}}]}<\/script>\n<!-- \/ Yoast SEO plugin. -->","yoast_head_json":{"title":"Custom Access - Webaze.com","description":"Custom Access priser - Custom Access sikrer kontrol med netv\u00e6rks adgang til dine video l\u00f8sninger","robots":{"index":"index","follow":"follow","max-snippet":"max-snippet:-1","max-image-preview":"max-image-preview:large","max-video-preview":"max-video-preview:-1"},"canonical":"https:\/\/webaze.com\/web\/priser\/custom-access\/","og_locale":"da_DK","og_type":"article","og_title":"Custom Access - Webaze.com","og_description":"Custom Access priser - Custom Access sikrer kontrol med netv\u00e6rks adgang til dine video l\u00f8sninger","og_url":"https:\/\/webaze.com\/web\/priser\/custom-access\/","og_site_name":"Webaze.com","article_modified_time":"2025-09-02T11:10:41+00:00","twitter_card":"summary_large_image","schema":{"@context":"https:\/\/schema.org","@graph":[{"@type":"WebPage","@id":"https:\/\/webaze.com\/web\/priser\/custom-access\/","url":"https:\/\/webaze.com\/web\/priser\/custom-access\/","name":"Custom Access - Webaze.com","isPartOf":{"@id":"https:\/\/webaze.com\/web\/#website"},"datePublished":"2025-08-01T13:56:39+00:00","dateModified":"2025-09-02T11:10:41+00:00","description":"Custom Access priser - Custom Access sikrer kontrol med netv\u00e6rks adgang til dine video l\u00f8sninger","breadcrumb":{"@id":"https:\/\/webaze.com\/web\/priser\/custom-access\/#breadcrumb"},"inLanguage":"da-DK","potentialAction":[{"@type":"ReadAction","target":["https:\/\/webaze.com\/web\/priser\/custom-access\/"]}]},{"@type":"BreadcrumbList","@id":"https:\/\/webaze.com\/web\/priser\/custom-access\/#breadcrumb","itemListElement":[{"@type":"ListItem","position":1,"name":"Hjem","item":"https:\/\/webaze.com\/web\/"},{"@type":"ListItem","position":2,"name":"Priser","item":"https:\/\/webaze.com\/web\/priser\/"},{"@type":"ListItem","position":3,"name":"Custom Access"}]},{"@type":"WebSite","@id":"https:\/\/webaze.com\/web\/#website","url":"https:\/\/webaze.com\/web\/","name":"Webaze.com","description":"Cloud - Netv\u00e6rk - VPN - Salto - SimonsVoss","publisher":{"@id":"https:\/\/webaze.com\/web\/#organization"},"potentialAction":[{"@type":"SearchAction","target":{"@type":"EntryPoint","urlTemplate":"https:\/\/webaze.com\/web\/?s={search_term_string}"},"query-input":{"@type":"PropertyValueSpecification","valueRequired":true,"valueName":"search_term_string"}}],"inLanguage":"da-DK"},{"@type":"Organization","@id":"https:\/\/webaze.com\/web\/#organization","name":"Webaze.com","url":"https:\/\/webaze.com\/web\/","logo":{"@type":"ImageObject","inLanguage":"da-DK","@id":"https:\/\/webaze.com\/web\/#\/schema\/logo\/image\/","url":"https:\/\/webaze.com\/web\/wp-content\/uploads\/2022\/04\/full-size-icon_trimmed.png","contentUrl":"https:\/\/webaze.com\/web\/wp-content\/uploads\/2022\/04\/full-size-icon_trimmed.png","width":946,"height":508,"caption":"Webaze.com"},"image":{"@id":"https:\/\/webaze.com\/web\/#\/schema\/logo\/image\/"}}]}},"_links":{"self":[{"href":"https:\/\/webaze.com\/web\/wp-json\/wp\/v2\/pages\/1466","targetHints":{"allow":["GET"]}}],"collection":[{"href":"https:\/\/webaze.com\/web\/wp-json\/wp\/v2\/pages"}],"about":[{"href":"https:\/\/webaze.com\/web\/wp-json\/wp\/v2\/types\/page"}],"author":[{"embeddable":true,"href":"https:\/\/webaze.com\/web\/wp-json\/wp\/v2\/users\/1"}],"replies":[{"embeddable":true,"href":"https:\/\/webaze.com\/web\/wp-json\/wp\/v2\/comments?post=1466"}],"version-history":[{"count":7,"href":"https:\/\/webaze.com\/web\/wp-json\/wp\/v2\/pages\/1466\/revisions"}],"predecessor-version":[{"id":1489,"href":"https:\/\/webaze.com\/web\/wp-json\/wp\/v2\/pages\/1466\/revisions\/1489"}],"up":[{"embeddable":true,"href":"https:\/\/webaze.com\/web\/wp-json\/wp\/v2\/pages\/462"}],"wp:attachment":[{"href":"https:\/\/webaze.com\/web\/wp-json\/wp\/v2\/media?parent=1466"}],"curies":[{"name":"wp","href":"https:\/\/api.w.org\/{rel}","templated":true}]}}