{"id":462,"date":"2022-06-30T17:35:09","date_gmt":"2022-06-30T17:35:09","guid":{"rendered":"https:\/\/webaze.com\/web\/?page_id=462"},"modified":"2025-10-27T12:04:50","modified_gmt":"2025-10-27T12:04:50","slug":"priser","status":"publish","type":"page","link":"https:\/\/webaze.com\/web\/priser\/","title":{"rendered":"Priser"},"content":{"rendered":"\n<h2 class=\"wp-block-heading has-text-align-center\"><\/h2>\n\n\n\n<div class=\"wp-block-buttons is-content-justification-center is-layout-flex wp-container-core-buttons-is-layout-a89b3969 wp-block-buttons-is-layout-flex\">\n<div class=\"wp-block-button\"><a class=\"wp-block-button__link wp-element-button\" href=\"https:\/\/webaze.com\/web\/priser\/cloudloesning\/\">Cloudl\u00f8sninger<\/a><\/div>\n\n\n\n<div class=\"wp-block-button\"><a class=\"wp-block-button__link wp-element-button\" href=\"https:\/\/webaze.com\/web\/priser\/priser-konsulentydelser-salto\/\">Priser p\u00e5 konsulentydelser<\/a><\/div>\n\n\n\n<div class=\"wp-block-button\"><a class=\"wp-block-button__link wp-element-button\" href=\"https:\/\/webaze.com\/web\/priser\/custom-access\/\">CustomAccess<\/a><\/div>\n<\/div>\n\n\n\n<p><\/p>\n","protected":false},"excerpt":{"rendered":"","protected":false},"author":1,"featured_media":0,"parent":0,"menu_order":11,"comment_status":"closed","ping_status":"closed","template":"","meta":{"saved_in_kubio":false,"footnotes":""},"class_list":["post-462","page","type-page","status-publish","hentry"],"kubio_ai_page_context":{"short_desc":"","purpose":"general"},"yoast_head":"<!-- This site is optimized with the Yoast SEO plugin v27.3 - https:\/\/yoast.com\/product\/yoast-seo-wordpress\/ -->\n<title>Priser - Webaze.com<\/title>\n<meta name=\"description\" content=\"Cloudbaseret drift af elektroniske l\u00e5sesystemer - f.eks SALTO - der forbindes til flere \u00f8nskede lokationer i \u00e9t netv\u00e6rk\" \/>\n<meta name=\"robots\" content=\"index, follow, max-snippet:-1, max-image-preview:large, max-video-preview:-1\" \/>\n<link rel=\"canonical\" href=\"https:\/\/webaze.com\/web\/priser\/\" \/>\n<meta property=\"og:locale\" content=\"da_DK\" \/>\n<meta property=\"og:type\" content=\"article\" \/>\n<meta property=\"og:title\" content=\"Priser - Webaze.com\" \/>\n<meta property=\"og:description\" content=\"Cloudbaseret drift af elektroniske l\u00e5sesystemer - f.eks SALTO - der forbindes til flere \u00f8nskede lokationer i \u00e9t netv\u00e6rk\" \/>\n<meta property=\"og:url\" content=\"https:\/\/webaze.com\/web\/priser\/\" \/>\n<meta property=\"og:site_name\" content=\"Webaze.com\" \/>\n<meta property=\"article:modified_time\" content=\"2025-10-27T12:04:50+00:00\" \/>\n<meta name=\"twitter:card\" content=\"summary_large_image\" \/>\n<meta name=\"twitter:label1\" content=\"Estimeret l\u00e6setid\" \/>\n\t<meta name=\"twitter:data1\" content=\"1 minut\" \/>\n<script type=\"application\/ld+json\" class=\"yoast-schema-graph\">{\"@context\":\"https:\\\/\\\/schema.org\",\"@graph\":[{\"@type\":\"WebPage\",\"@id\":\"https:\\\/\\\/webaze.com\\\/web\\\/priser\\\/\",\"url\":\"https:\\\/\\\/webaze.com\\\/web\\\/priser\\\/\",\"name\":\"Priser - Webaze.com\",\"isPartOf\":{\"@id\":\"https:\\\/\\\/webaze.com\\\/web\\\/#website\"},\"datePublished\":\"2022-06-30T17:35:09+00:00\",\"dateModified\":\"2025-10-27T12:04:50+00:00\",\"description\":\"Cloudbaseret drift af elektroniske l\u00e5sesystemer - f.eks SALTO - der forbindes til flere \u00f8nskede lokationer i \u00e9t netv\u00e6rk\",\"breadcrumb\":{\"@id\":\"https:\\\/\\\/webaze.com\\\/web\\\/priser\\\/#breadcrumb\"},\"inLanguage\":\"da-DK\",\"potentialAction\":[{\"@type\":\"ReadAction\",\"target\":[\"https:\\\/\\\/webaze.com\\\/web\\\/priser\\\/\"]}]},{\"@type\":\"BreadcrumbList\",\"@id\":\"https:\\\/\\\/webaze.com\\\/web\\\/priser\\\/#breadcrumb\",\"itemListElement\":[{\"@type\":\"ListItem\",\"position\":1,\"name\":\"Hjem\",\"item\":\"https:\\\/\\\/webaze.com\\\/web\\\/\"},{\"@type\":\"ListItem\",\"position\":2,\"name\":\"Priser\"}]},{\"@type\":\"WebSite\",\"@id\":\"https:\\\/\\\/webaze.com\\\/web\\\/#website\",\"url\":\"https:\\\/\\\/webaze.com\\\/web\\\/\",\"name\":\"Webaze.com\",\"description\":\"Cloud - Netv\u00e6rk - VPN - Salto - SimonsVoss\",\"publisher\":{\"@id\":\"https:\\\/\\\/webaze.com\\\/web\\\/#organization\"},\"potentialAction\":[{\"@type\":\"SearchAction\",\"target\":{\"@type\":\"EntryPoint\",\"urlTemplate\":\"https:\\\/\\\/webaze.com\\\/web\\\/?s={search_term_string}\"},\"query-input\":{\"@type\":\"PropertyValueSpecification\",\"valueRequired\":true,\"valueName\":\"search_term_string\"}}],\"inLanguage\":\"da-DK\"},{\"@type\":\"Organization\",\"@id\":\"https:\\\/\\\/webaze.com\\\/web\\\/#organization\",\"name\":\"Webaze.com\",\"url\":\"https:\\\/\\\/webaze.com\\\/web\\\/\",\"logo\":{\"@type\":\"ImageObject\",\"inLanguage\":\"da-DK\",\"@id\":\"https:\\\/\\\/webaze.com\\\/web\\\/#\\\/schema\\\/logo\\\/image\\\/\",\"url\":\"https:\\\/\\\/webaze.com\\\/web\\\/wp-content\\\/uploads\\\/2022\\\/04\\\/full-size-icon_trimmed.png\",\"contentUrl\":\"https:\\\/\\\/webaze.com\\\/web\\\/wp-content\\\/uploads\\\/2022\\\/04\\\/full-size-icon_trimmed.png\",\"width\":946,\"height\":508,\"caption\":\"Webaze.com\"},\"image\":{\"@id\":\"https:\\\/\\\/webaze.com\\\/web\\\/#\\\/schema\\\/logo\\\/image\\\/\"}}]}<\/script>\n<!-- \/ Yoast SEO plugin. -->","yoast_head_json":{"title":"Priser - Webaze.com","description":"Cloudbaseret drift af elektroniske l\u00e5sesystemer - f.eks SALTO - der forbindes til flere \u00f8nskede lokationer i \u00e9t netv\u00e6rk","robots":{"index":"index","follow":"follow","max-snippet":"max-snippet:-1","max-image-preview":"max-image-preview:large","max-video-preview":"max-video-preview:-1"},"canonical":"https:\/\/webaze.com\/web\/priser\/","og_locale":"da_DK","og_type":"article","og_title":"Priser - Webaze.com","og_description":"Cloudbaseret drift af elektroniske l\u00e5sesystemer - f.eks SALTO - der forbindes til flere \u00f8nskede lokationer i \u00e9t netv\u00e6rk","og_url":"https:\/\/webaze.com\/web\/priser\/","og_site_name":"Webaze.com","article_modified_time":"2025-10-27T12:04:50+00:00","twitter_card":"summary_large_image","twitter_misc":{"Estimeret l\u00e6setid":"1 minut"},"schema":{"@context":"https:\/\/schema.org","@graph":[{"@type":"WebPage","@id":"https:\/\/webaze.com\/web\/priser\/","url":"https:\/\/webaze.com\/web\/priser\/","name":"Priser - Webaze.com","isPartOf":{"@id":"https:\/\/webaze.com\/web\/#website"},"datePublished":"2022-06-30T17:35:09+00:00","dateModified":"2025-10-27T12:04:50+00:00","description":"Cloudbaseret drift af elektroniske l\u00e5sesystemer - f.eks SALTO - der forbindes til flere \u00f8nskede lokationer i \u00e9t netv\u00e6rk","breadcrumb":{"@id":"https:\/\/webaze.com\/web\/priser\/#breadcrumb"},"inLanguage":"da-DK","potentialAction":[{"@type":"ReadAction","target":["https:\/\/webaze.com\/web\/priser\/"]}]},{"@type":"BreadcrumbList","@id":"https:\/\/webaze.com\/web\/priser\/#breadcrumb","itemListElement":[{"@type":"ListItem","position":1,"name":"Hjem","item":"https:\/\/webaze.com\/web\/"},{"@type":"ListItem","position":2,"name":"Priser"}]},{"@type":"WebSite","@id":"https:\/\/webaze.com\/web\/#website","url":"https:\/\/webaze.com\/web\/","name":"Webaze.com","description":"Cloud - Netv\u00e6rk - VPN - Salto - SimonsVoss","publisher":{"@id":"https:\/\/webaze.com\/web\/#organization"},"potentialAction":[{"@type":"SearchAction","target":{"@type":"EntryPoint","urlTemplate":"https:\/\/webaze.com\/web\/?s={search_term_string}"},"query-input":{"@type":"PropertyValueSpecification","valueRequired":true,"valueName":"search_term_string"}}],"inLanguage":"da-DK"},{"@type":"Organization","@id":"https:\/\/webaze.com\/web\/#organization","name":"Webaze.com","url":"https:\/\/webaze.com\/web\/","logo":{"@type":"ImageObject","inLanguage":"da-DK","@id":"https:\/\/webaze.com\/web\/#\/schema\/logo\/image\/","url":"https:\/\/webaze.com\/web\/wp-content\/uploads\/2022\/04\/full-size-icon_trimmed.png","contentUrl":"https:\/\/webaze.com\/web\/wp-content\/uploads\/2022\/04\/full-size-icon_trimmed.png","width":946,"height":508,"caption":"Webaze.com"},"image":{"@id":"https:\/\/webaze.com\/web\/#\/schema\/logo\/image\/"}}]}},"_links":{"self":[{"href":"https:\/\/webaze.com\/web\/wp-json\/wp\/v2\/pages\/462","targetHints":{"allow":["GET"]}}],"collection":[{"href":"https:\/\/webaze.com\/web\/wp-json\/wp\/v2\/pages"}],"about":[{"href":"https:\/\/webaze.com\/web\/wp-json\/wp\/v2\/types\/page"}],"author":[{"embeddable":true,"href":"https:\/\/webaze.com\/web\/wp-json\/wp\/v2\/users\/1"}],"replies":[{"embeddable":true,"href":"https:\/\/webaze.com\/web\/wp-json\/wp\/v2\/comments?post=462"}],"version-history":[{"count":61,"href":"https:\/\/webaze.com\/web\/wp-json\/wp\/v2\/pages\/462\/revisions"}],"predecessor-version":[{"id":1593,"href":"https:\/\/webaze.com\/web\/wp-json\/wp\/v2\/pages\/462\/revisions\/1593"}],"wp:attachment":[{"href":"https:\/\/webaze.com\/web\/wp-json\/wp\/v2\/media?parent=462"}],"curies":[{"name":"wp","href":"https:\/\/api.w.org\/{rel}","templated":true}]}}