{"id":595,"date":"2022-07-23T00:45:12","date_gmt":"2022-07-23T00:45:12","guid":{"rendered":"https:\/\/webaze.com\/web\/?page_id=595"},"modified":"2025-09-02T10:56:59","modified_gmt":"2025-09-02T10:56:59","slug":"konsulent-salto","status":"publish","type":"page","link":"https:\/\/webaze.com\/web\/konsulent-ydelser\/konsulent-salto\/","title":{"rendered":"Salto L\u00e5sesystemer"},"content":{"rendered":"\n<h1 class=\"wp-block-heading has-text-align-center\">Konsulentydelser &#8211; Salto L\u00e5sesystemer<\/h1>\n\n\n\n<div style=\"height:46px\" aria-hidden=\"true\" class=\"wp-block-spacer\"><\/div>\n\n\n\n<h4 class=\"wp-block-heading has-text-align-center\">Har i som virksomhed nok at se til, og brug for ekstra hj\u00e6lp til:<\/h4>\n\n\n\n<div style=\"height:29px\" aria-hidden=\"true\" class=\"wp-block-spacer\"><\/div>\n\n\n\n<ul class=\"wp-block-list\">\n<li><strong>Ops\u00e6tning af Salto<\/strong><\/li>\n\n\n\n<li><strong>Oprydning og restrukturering<\/strong><\/li>\n\n\n\n<li><strong>Fejlfinding<\/strong><\/li>\n\n\n\n<li><strong>Flytninger og migrationer<\/strong><\/li>\n\n\n\n<li><strong>NIS2 compliance<\/strong><\/li>\n<\/ul>\n\n\n\n<div style=\"height:12px\" aria-hidden=\"true\" class=\"wp-block-spacer\"><\/div>\n\n\n\n<p>S\u00e5 kontakt os for enten telefonisk assistance, remote eller on-site arbejde.<\/p>\n\n\n\n<p>Vores timepris er lav &#8211; men det er vores ekspertise ikke.<br>Vi har s\u00e6rlig meget erfaring med Salto l\u00e5sesystemer og har drevet 25 lokationer i 10 \u00e5r, for en st\u00f8rre dansk kommune &#8211; som officiel databehandler.<\/p>\n\n\n\n<p>Alt arbejde udf\u00f8res lokalt af fagligt uddannet, h\u00f8jt kvalificeret, 100% dansk arbejde.<\/p>\n\n\n\n<p><strong>Timepris 500 DKK<\/strong><br>Telefonisk kan afregnes ned til p\u00e5begyndt kvarter = 125 DKK<br>K\u00f8rsel 500 DKK\/ time + evt ekstraudgifter som bro olign.<\/p>\n\n\n\n<p>Alle priser ekskl. moms.<\/p>\n\n\n\n<p><\/p>\n\n\n\n\n\n<p><\/p>\n","protected":false},"excerpt":{"rendered":"<p>Konsulentydelser &#8211; Salto L\u00e5sesystemer Har i som virksomhed nok at se til, og brug for ekstra hj\u00e6lp til: S\u00e5 kontakt os for enten telefonisk assistance, remote eller on-site arbejde. Vores timepris er lav &#8211; men det er vores ekspertise ikke.Vi har s\u00e6rlig meget erfaring med Salto l\u00e5sesystemer og har drevet 25 lokationer i 10 \u00e5r, [&hellip;]<\/p>\n","protected":false},"author":1,"featured_media":0,"parent":593,"menu_order":10,"comment_status":"closed","ping_status":"closed","template":"","meta":{"saved_in_kubio":false,"footnotes":""},"class_list":["post-595","page","type-page","status-publish","hentry"],"kubio_ai_page_context":{"short_desc":"","purpose":"general"},"yoast_head":"<!-- This site is optimized with the Yoast SEO plugin v27.3 - https:\/\/yoast.com\/product\/yoast-seo-wordpress\/ -->\n<title>Salto L\u00e5sesystemer - Webaze.com<\/title>\n<meta name=\"description\" content=\"Brug for hj\u00e6lp med at ops\u00e6tte, fejlfinde eller l\u00f8se andre SALTO opgaver som f.eks. flytninger og migrationer - s\u00e5 kontakt os\" \/>\n<meta name=\"robots\" content=\"index, follow, max-snippet:-1, max-image-preview:large, max-video-preview:-1\" \/>\n<link rel=\"canonical\" href=\"https:\/\/webaze.com\/web\/konsulent-ydelser\/konsulent-salto\/\" \/>\n<meta property=\"og:locale\" content=\"da_DK\" \/>\n<meta property=\"og:type\" content=\"article\" \/>\n<meta property=\"og:title\" content=\"Salto L\u00e5sesystemer - Webaze.com\" \/>\n<meta property=\"og:description\" content=\"Brug for hj\u00e6lp med at ops\u00e6tte, fejlfinde eller l\u00f8se andre SALTO opgaver som f.eks. flytninger og migrationer - s\u00e5 kontakt os\" \/>\n<meta property=\"og:url\" content=\"https:\/\/webaze.com\/web\/konsulent-ydelser\/konsulent-salto\/\" \/>\n<meta property=\"og:site_name\" content=\"Webaze.com\" \/>\n<meta property=\"article:modified_time\" content=\"2025-09-02T10:56:59+00:00\" \/>\n<meta name=\"twitter:card\" content=\"summary_large_image\" \/>\n<meta name=\"twitter:label1\" content=\"Estimeret l\u00e6setid\" \/>\n\t<meta name=\"twitter:data1\" content=\"1 minut\" \/>\n<script type=\"application\/ld+json\" class=\"yoast-schema-graph\">{\"@context\":\"https:\\\/\\\/schema.org\",\"@graph\":[{\"@type\":\"WebPage\",\"@id\":\"https:\\\/\\\/webaze.com\\\/web\\\/konsulent-ydelser\\\/konsulent-salto\\\/\",\"url\":\"https:\\\/\\\/webaze.com\\\/web\\\/konsulent-ydelser\\\/konsulent-salto\\\/\",\"name\":\"Salto L\u00e5sesystemer - Webaze.com\",\"isPartOf\":{\"@id\":\"https:\\\/\\\/webaze.com\\\/web\\\/#website\"},\"datePublished\":\"2022-07-23T00:45:12+00:00\",\"dateModified\":\"2025-09-02T10:56:59+00:00\",\"description\":\"Brug for hj\u00e6lp med at ops\u00e6tte, fejlfinde eller l\u00f8se andre SALTO opgaver som f.eks. flytninger og migrationer - s\u00e5 kontakt os\",\"breadcrumb\":{\"@id\":\"https:\\\/\\\/webaze.com\\\/web\\\/konsulent-ydelser\\\/konsulent-salto\\\/#breadcrumb\"},\"inLanguage\":\"da-DK\",\"potentialAction\":[{\"@type\":\"ReadAction\",\"target\":[\"https:\\\/\\\/webaze.com\\\/web\\\/konsulent-ydelser\\\/konsulent-salto\\\/\"]}]},{\"@type\":\"BreadcrumbList\",\"@id\":\"https:\\\/\\\/webaze.com\\\/web\\\/konsulent-ydelser\\\/konsulent-salto\\\/#breadcrumb\",\"itemListElement\":[{\"@type\":\"ListItem\",\"position\":1,\"name\":\"Hjem\",\"item\":\"https:\\\/\\\/webaze.com\\\/web\\\/\"},{\"@type\":\"ListItem\",\"position\":2,\"name\":\"Konsulent ydelser\",\"item\":\"https:\\\/\\\/webaze.com\\\/web\\\/konsulent-ydelser\\\/\"},{\"@type\":\"ListItem\",\"position\":3,\"name\":\"Salto L\u00e5sesystemer\"}]},{\"@type\":\"WebSite\",\"@id\":\"https:\\\/\\\/webaze.com\\\/web\\\/#website\",\"url\":\"https:\\\/\\\/webaze.com\\\/web\\\/\",\"name\":\"Webaze.com\",\"description\":\"Cloud - Netv\u00e6rk - VPN - Salto - SimonsVoss\",\"publisher\":{\"@id\":\"https:\\\/\\\/webaze.com\\\/web\\\/#organization\"},\"potentialAction\":[{\"@type\":\"SearchAction\",\"target\":{\"@type\":\"EntryPoint\",\"urlTemplate\":\"https:\\\/\\\/webaze.com\\\/web\\\/?s={search_term_string}\"},\"query-input\":{\"@type\":\"PropertyValueSpecification\",\"valueRequired\":true,\"valueName\":\"search_term_string\"}}],\"inLanguage\":\"da-DK\"},{\"@type\":\"Organization\",\"@id\":\"https:\\\/\\\/webaze.com\\\/web\\\/#organization\",\"name\":\"Webaze.com\",\"url\":\"https:\\\/\\\/webaze.com\\\/web\\\/\",\"logo\":{\"@type\":\"ImageObject\",\"inLanguage\":\"da-DK\",\"@id\":\"https:\\\/\\\/webaze.com\\\/web\\\/#\\\/schema\\\/logo\\\/image\\\/\",\"url\":\"https:\\\/\\\/webaze.com\\\/web\\\/wp-content\\\/uploads\\\/2022\\\/04\\\/full-size-icon_trimmed.png\",\"contentUrl\":\"https:\\\/\\\/webaze.com\\\/web\\\/wp-content\\\/uploads\\\/2022\\\/04\\\/full-size-icon_trimmed.png\",\"width\":946,\"height\":508,\"caption\":\"Webaze.com\"},\"image\":{\"@id\":\"https:\\\/\\\/webaze.com\\\/web\\\/#\\\/schema\\\/logo\\\/image\\\/\"}}]}<\/script>\n<!-- \/ Yoast SEO plugin. -->","yoast_head_json":{"title":"Salto L\u00e5sesystemer - Webaze.com","description":"Brug for hj\u00e6lp med at ops\u00e6tte, fejlfinde eller l\u00f8se andre SALTO opgaver som f.eks. flytninger og migrationer - s\u00e5 kontakt os","robots":{"index":"index","follow":"follow","max-snippet":"max-snippet:-1","max-image-preview":"max-image-preview:large","max-video-preview":"max-video-preview:-1"},"canonical":"https:\/\/webaze.com\/web\/konsulent-ydelser\/konsulent-salto\/","og_locale":"da_DK","og_type":"article","og_title":"Salto L\u00e5sesystemer - Webaze.com","og_description":"Brug for hj\u00e6lp med at ops\u00e6tte, fejlfinde eller l\u00f8se andre SALTO opgaver som f.eks. flytninger og migrationer - s\u00e5 kontakt os","og_url":"https:\/\/webaze.com\/web\/konsulent-ydelser\/konsulent-salto\/","og_site_name":"Webaze.com","article_modified_time":"2025-09-02T10:56:59+00:00","twitter_card":"summary_large_image","twitter_misc":{"Estimeret l\u00e6setid":"1 minut"},"schema":{"@context":"https:\/\/schema.org","@graph":[{"@type":"WebPage","@id":"https:\/\/webaze.com\/web\/konsulent-ydelser\/konsulent-salto\/","url":"https:\/\/webaze.com\/web\/konsulent-ydelser\/konsulent-salto\/","name":"Salto L\u00e5sesystemer - Webaze.com","isPartOf":{"@id":"https:\/\/webaze.com\/web\/#website"},"datePublished":"2022-07-23T00:45:12+00:00","dateModified":"2025-09-02T10:56:59+00:00","description":"Brug for hj\u00e6lp med at ops\u00e6tte, fejlfinde eller l\u00f8se andre SALTO opgaver som f.eks. flytninger og migrationer - s\u00e5 kontakt os","breadcrumb":{"@id":"https:\/\/webaze.com\/web\/konsulent-ydelser\/konsulent-salto\/#breadcrumb"},"inLanguage":"da-DK","potentialAction":[{"@type":"ReadAction","target":["https:\/\/webaze.com\/web\/konsulent-ydelser\/konsulent-salto\/"]}]},{"@type":"BreadcrumbList","@id":"https:\/\/webaze.com\/web\/konsulent-ydelser\/konsulent-salto\/#breadcrumb","itemListElement":[{"@type":"ListItem","position":1,"name":"Hjem","item":"https:\/\/webaze.com\/web\/"},{"@type":"ListItem","position":2,"name":"Konsulent ydelser","item":"https:\/\/webaze.com\/web\/konsulent-ydelser\/"},{"@type":"ListItem","position":3,"name":"Salto L\u00e5sesystemer"}]},{"@type":"WebSite","@id":"https:\/\/webaze.com\/web\/#website","url":"https:\/\/webaze.com\/web\/","name":"Webaze.com","description":"Cloud - Netv\u00e6rk - VPN - Salto - SimonsVoss","publisher":{"@id":"https:\/\/webaze.com\/web\/#organization"},"potentialAction":[{"@type":"SearchAction","target":{"@type":"EntryPoint","urlTemplate":"https:\/\/webaze.com\/web\/?s={search_term_string}"},"query-input":{"@type":"PropertyValueSpecification","valueRequired":true,"valueName":"search_term_string"}}],"inLanguage":"da-DK"},{"@type":"Organization","@id":"https:\/\/webaze.com\/web\/#organization","name":"Webaze.com","url":"https:\/\/webaze.com\/web\/","logo":{"@type":"ImageObject","inLanguage":"da-DK","@id":"https:\/\/webaze.com\/web\/#\/schema\/logo\/image\/","url":"https:\/\/webaze.com\/web\/wp-content\/uploads\/2022\/04\/full-size-icon_trimmed.png","contentUrl":"https:\/\/webaze.com\/web\/wp-content\/uploads\/2022\/04\/full-size-icon_trimmed.png","width":946,"height":508,"caption":"Webaze.com"},"image":{"@id":"https:\/\/webaze.com\/web\/#\/schema\/logo\/image\/"}}]}},"_links":{"self":[{"href":"https:\/\/webaze.com\/web\/wp-json\/wp\/v2\/pages\/595","targetHints":{"allow":["GET"]}}],"collection":[{"href":"https:\/\/webaze.com\/web\/wp-json\/wp\/v2\/pages"}],"about":[{"href":"https:\/\/webaze.com\/web\/wp-json\/wp\/v2\/types\/page"}],"author":[{"embeddable":true,"href":"https:\/\/webaze.com\/web\/wp-json\/wp\/v2\/users\/1"}],"replies":[{"embeddable":true,"href":"https:\/\/webaze.com\/web\/wp-json\/wp\/v2\/comments?post=595"}],"version-history":[{"count":21,"href":"https:\/\/webaze.com\/web\/wp-json\/wp\/v2\/pages\/595\/revisions"}],"predecessor-version":[{"id":1543,"href":"https:\/\/webaze.com\/web\/wp-json\/wp\/v2\/pages\/595\/revisions\/1543"}],"up":[{"embeddable":true,"href":"https:\/\/webaze.com\/web\/wp-json\/wp\/v2\/pages\/593"}],"wp:attachment":[{"href":"https:\/\/webaze.com\/web\/wp-json\/wp\/v2\/media?parent=595"}],"curies":[{"name":"wp","href":"https:\/\/api.w.org\/{rel}","templated":true}]}}