{"id":677,"date":"2022-07-26T18:37:17","date_gmt":"2022-07-26T18:37:17","guid":{"rendered":"https:\/\/webaze.com\/web\/?page_id=677"},"modified":"2026-04-13T21:17:28","modified_gmt":"2026-04-13T21:17:28","slug":"cloudloesninger","status":"publish","type":"page","link":"https:\/\/webaze.com\/web\/cloudloesninger\/","title":{"rendered":"Cloud l\u00f8sninger"},"content":{"rendered":"\n<a href=\"#content\"><\/a>\n\n\n\n<h1 class=\"wp-block-heading has-text-align-center\" id=\"block-8bce4c0e-f1b3-45f5-906f-4517d4fa472b\">Cloud l\u00f8sning til ADK og sikring<\/h1>\n\n\n\n<div style=\"height:21px\" aria-hidden=\"true\" class=\"wp-block-spacer\"><\/div>\n\n\n\n<h4 class=\"wp-block-heading has-text-align-center\" id=\"block-4cdcd240-6ba5-434f-8a2a-223a88453bc7\">F\u00e5 flyttet din ADK, Video \/ sikrings-driften op i &#8220;skyen&#8221; og opn\u00e5 afg\u00f8rende fordele<\/h4>\n\n\n\n<p class=\"has-text-align-center\" id=\"block-14389b94-b7e6-4eee-8bcc-efe6d6774fce\">Hos Webaze er dine systemer altid opdaterede og sikrede med backup NIS2 tiltag.<\/p>\n\n\n\n\n\n<ul id=\"block-65e8d8e4-d52d-4c90-b987-21eb4dfa76c1\" class=\"wp-block-list\">\n<li><strong>Centraliseret kontrol:<\/strong> Vi opkobler alle dine lokationer til \u00e9n cloudserver for et bedre overblik og optimerede arbejdsprocesser &#8211; F.eks. \u00e9n brik til alle lokationer.<br><br><\/li>\n\n\n\n<li><strong>St\u00e6rkt netv\u00e6rk:<\/strong> F\u00e5 selv de mest afsides lokationer online med 4G eller 5G vha. medf\u00f8lgende SD-WAN l\u00f8sning<br><br><\/li>\n\n\n\n<li><strong>Nem adgang:<\/strong> Operat\u00f8rer og administratorer kan logge p\u00e5 via et almindeligt &#8220;https-link&#8221; i browseren, uden behov for ekstra software &#8211; geografisk uafh\u00e6ngigt.<br><br><\/li>\n\n\n\n<li><strong>Hurtig respons:<\/strong> Lynhurtige svartider forbedrer brugeroplevelsen.<br><br><\/li>\n\n\n\n<li><strong>F\u00e6rre bekymringer:<\/strong> Eliminer driftsbekymringer og lokalt placeret server-hardware, samtidig overholdes sikkerhedsstandarder og NIS2.<br><br><\/li>\n\n\n\n<li><strong>Egen Cloud platform:<\/strong> St\u00e6rk, stabil og uafh\u00e6ngig af tech giganter.<br><br><\/li>\n\n\n\n<li><strong>Let skal\u00e9rbar:<\/strong> Mulighed for billig og hurtig opgradering af kapacitet samt tilf\u00f8jelser af nye lokationer.<br><br><\/li>\n\n\n\n<li><strong>Sikkerhed i top:<\/strong> NIS2 compliancy, daglig backup og hurtig genskabelse selv ved de mest ut\u00e6nkelige nedbrud.<br><br><\/li>\n\n\n\n<li><strong>\u00c6gte server OS:<\/strong> Altid \u00e6gte server-operativsystemer &#8211; ikke billige desktop-versioner<br><br><\/li>\n<\/ul>\n\n\n\n<p><\/p>\n\n\n\n<p>Hvad indeholder l\u00f8sningen helt konkret?<\/p>\n\n\n\n<ul class=\"wp-block-list\">\n<li>Komplet ops\u00e6tning og drift af al software og Cloud server.<\/li>\n\n\n\n<li>Firewalls<\/li>\n\n\n\n<li>Krypterede forbindelser til lokationer via vores SD-WAN l\u00f8sning<\/li>\n\n\n\n<li>Intrusion Detection, Intrusion prevention, antivirus osv.<\/li>\n\n\n\n<li>Proaktiv overv\u00e5gning af Cloud Access netv\u00e6rket (SD-WAN)<\/li>\n\n\n\n<li>M\u00e5nedlige sikkerhedsskanninger og opf\u00f8lgning.<\/li>\n\n\n\n<li>Daglig smart-backup<\/li>\n\n\n\n<li>Cluster cloud server med h\u00f8j stabilitet og oppetid. (99.996% oppetid sidste 12 mdr)<\/li>\n\n\n\n<li>Kraftige servere med lynhurtige svartider.<\/li>\n\n\n\n<li>Opkobling af lokationer<\/li>\n\n\n\n<li>Compliance med sikkerhedsstandarder &#8211; NIS2<\/li>\n\n\n\n<li>Fagligt uddannet, h\u00f8jt kvalificeret, 100% dansk arbejde, udf\u00f8rt lokalt.<\/li>\n<\/ul>\n\n\n\n<p id=\"block-de46a52f-39d6-45e1-98a1-4adc8da80103\">&#8212;&#8212;&#8212;&#8212;&#8212;&#8212;&#8212;&#8212;&#8212;&#8212;&#8212;&#8212;&#8212;&#8212;&#8212;&#8212;&#8212;&#8212;&#8212;&#8212;&#8212;&#8212;&#8212;<\/p>\n\n\n\n<p id=\"block-c9967893-46cd-4fd4-a965-8a79139822a2\">Vi har <strong>12 \u00e5rs erfaring<\/strong> med Cloudbaseret drift af l\u00e5sesystemer og er officiel databehandler for det offentlige.<\/p>\n\n\n\n<p id=\"block-82553720-2ee7-4cf4-8bcf-7ea3c67ab81b\">Se diagram nedenfor for overblik over hvordan en implementation kan se ud.<\/p>\n\n\n\n<p id=\"block-3f4fa64f-bc87-471c-aec7-c2aaf3349cce\">Priserne er branchef\u00f8rende og kosteffektive, og afh\u00e6nger naturligvis af skala. <br>Se mere under vores <a href=\"https:\/\/webaze.com\/web\/priser\/cloudloesning\/\" target=\"_blank\" rel=\"noreferrer noopener\">priser<\/a>.<\/p>\n\n\n\n<p id=\"block-a8b95aa5-0013-4a34-a85c-8b3368770da8\">Kontakt os endelig med sp\u00f8rgsm\u00e5l &#8211; vi kommer gerne forbi til et m\u00f8de og viser hvordan vi kan l\u00f8se netop dine behov &#8211; effektivt og til den rigtige pris.<\/p>\n\n\n\n<div style=\"height:70px\" aria-hidden=\"true\" class=\"wp-block-spacer\"><\/div>\n\n\n<div class=\"wp-block-image\">\n<figure class=\"aligncenter size-large is-resized\" id=\"block-f0e5c6cc-3d5d-45a3-8e7b-638789b537b0\"><img loading=\"lazy\" decoding=\"async\" width=\"682\" height=\"1024\" src=\"https:\/\/webaze.com\/web\/wp-content\/uploads\/2025\/09\/CloudAccess2-682x1024.png\" alt=\"\" class=\"wp-image-1521\" style=\"width:568px;height:auto\" srcset=\"https:\/\/webaze.com\/web\/wp-content\/uploads\/2025\/09\/CloudAccess2-682x1024.png 682w, https:\/\/webaze.com\/web\/wp-content\/uploads\/2025\/09\/CloudAccess2-200x300.png 200w, https:\/\/webaze.com\/web\/wp-content\/uploads\/2025\/09\/CloudAccess2.png 700w\" sizes=\"(max-width: 682px) 100vw, 682px\" \/><\/figure>\n<\/div>\n\n\n<div style=\"height:40px\" aria-hidden=\"true\" class=\"wp-block-spacer\"><\/div>\n\n\n\n<h3 class=\"wp-block-heading has-text-align-center\">Software eksempler:<\/h3>\n\n\n<div class=\"wp-block-image\">\n<figure class=\"aligncenter size-full is-resized\"><img loading=\"lazy\" decoding=\"async\" width=\"4500\" height=\"2427\" src=\"https:\/\/webaze.com\/web\/wp-content\/uploads\/2016\/04\/salto-hvid-afstand.jpg\" alt=\"Salto systems\" class=\"wp-image-174\" style=\"width:265px;height:142px\"\/><\/figure>\n<\/div>\n\n<div class=\"wp-block-image\">\n<figure class=\"aligncenter size-large is-resized\"><img loading=\"lazy\" decoding=\"async\" width=\"1024\" height=\"151\" src=\"https:\/\/webaze.com\/web\/wp-content\/uploads\/2023\/06\/simonsvoss-logo-rgb2-1024x151.png\" alt=\"\" class=\"wp-image-995\" style=\"width:583px;height:86px\" srcset=\"https:\/\/webaze.com\/web\/wp-content\/uploads\/2023\/06\/simonsvoss-logo-rgb2-1024x151.png 1024w, https:\/\/webaze.com\/web\/wp-content\/uploads\/2023\/06\/simonsvoss-logo-rgb2-300x44.png 300w, https:\/\/webaze.com\/web\/wp-content\/uploads\/2023\/06\/simonsvoss-logo-rgb2-768x113.png 768w, https:\/\/webaze.com\/web\/wp-content\/uploads\/2023\/06\/simonsvoss-logo-rgb2-1536x227.png 1536w, https:\/\/webaze.com\/web\/wp-content\/uploads\/2023\/06\/simonsvoss-logo-rgb2-583x86.png 583w, https:\/\/webaze.com\/web\/wp-content\/uploads\/2023\/06\/simonsvoss-logo-rgb2.png 2032w\" sizes=\"(max-width: 1024px) 100vw, 1024px\" \/><\/figure>\n<\/div>\n\n<div class=\"wp-block-image\">\n<figure class=\"aligncenter size-full\"><img loading=\"lazy\" decoding=\"async\" width=\"318\" height=\"159\" src=\"https:\/\/webaze.com\/web\/wp-content\/uploads\/2025\/09\/8-SMARTAIR-LOGO.jpg\" alt=\"\" class=\"wp-image-1517\" srcset=\"https:\/\/webaze.com\/web\/wp-content\/uploads\/2025\/09\/8-SMARTAIR-LOGO.jpg 318w, https:\/\/webaze.com\/web\/wp-content\/uploads\/2025\/09\/8-SMARTAIR-LOGO-300x150.jpg 300w\" sizes=\"(max-width: 318px) 100vw, 318px\" \/><\/figure>\n<\/div>\n\n\n<h4 class=\"wp-block-heading has-text-align-center\">Kort AI introduktion (uden lyd)<\/h4>\n\n\n\n<figure class=\"wp-block-video\"><video height=\"1036\" style=\"aspect-ratio: 1920 \/ 1036;\" width=\"1920\" controls src=\"https:\/\/webaze.com\/web\/wp-content\/uploads\/2025\/09\/CloudAccess.mp4\"><\/video><\/figure>\n","protected":false},"excerpt":{"rendered":"<p>Cloud l\u00f8sning til ADK og sikring F\u00e5 flyttet din ADK, Video \/ sikrings-driften op i &#8220;skyen&#8221; og opn\u00e5 afg\u00f8rende fordele Hos Webaze er dine systemer altid opdaterede og sikrede med backup NIS2 tiltag. Hvad indeholder l\u00f8sningen helt konkret? &#8212;&#8212;&#8212;&#8212;&#8212;&#8212;&#8212;&#8212;&#8212;&#8212;&#8212;&#8212;&#8212;&#8212;&#8212;&#8212;&#8212;&#8212;&#8212;&#8212;&#8212;&#8212;&#8212; Vi har 12 \u00e5rs erfaring med Cloudbaseret drift af l\u00e5sesystemer og er officiel databehandler for det [&hellip;]<\/p>\n","protected":false},"author":1,"featured_media":0,"parent":0,"menu_order":7,"comment_status":"closed","ping_status":"closed","template":"","meta":{"saved_in_kubio":false,"footnotes":""},"class_list":["post-677","page","type-page","status-publish","hentry"],"kubio_ai_page_context":{"short_desc":"","purpose":"general"},"yoast_head":"<!-- This site is optimized with the Yoast SEO plugin v27.3 - https:\/\/yoast.com\/product\/yoast-seo-wordpress\/ -->\n<title>Cloud l\u00f8sninger - Webaze.com<\/title>\n<meta name=\"description\" content=\"Med Cloud Access til l\u00e5sesystemer kan du samle flere geografisk adskilte sites i samme system eller f.eks tilbyde mindre kunder SALTO Space.\" \/>\n<meta name=\"robots\" content=\"index, follow, max-snippet:-1, max-image-preview:large, max-video-preview:-1\" \/>\n<link rel=\"canonical\" href=\"https:\/\/webaze.com\/web\/cloudloesninger\/\" \/>\n<meta property=\"og:locale\" content=\"da_DK\" \/>\n<meta property=\"og:type\" content=\"article\" \/>\n<meta property=\"og:title\" content=\"Cloud l\u00f8sninger - Webaze.com\" \/>\n<meta property=\"og:description\" content=\"Med Cloud Access til l\u00e5sesystemer kan du samle flere geografisk adskilte sites i samme system eller f.eks tilbyde mindre kunder SALTO Space.\" \/>\n<meta property=\"og:url\" content=\"https:\/\/webaze.com\/web\/cloudloesninger\/\" \/>\n<meta property=\"og:site_name\" content=\"Webaze.com\" \/>\n<meta property=\"article:modified_time\" content=\"2026-04-13T21:17:28+00:00\" \/>\n<meta property=\"og:image\" content=\"https:\/\/webaze.com\/web\/wp-content\/uploads\/2025\/09\/CloudAccess2.png\" \/>\n\t<meta property=\"og:image:width\" content=\"700\" \/>\n\t<meta property=\"og:image:height\" content=\"1051\" \/>\n\t<meta property=\"og:image:type\" content=\"image\/png\" \/>\n<meta name=\"twitter:card\" content=\"summary_large_image\" \/>\n<meta name=\"twitter:label1\" content=\"Estimeret l\u00e6setid\" \/>\n\t<meta name=\"twitter:data1\" content=\"3 minutter\" \/>\n<script type=\"application\/ld+json\" class=\"yoast-schema-graph\">{\"@context\":\"https:\\\/\\\/schema.org\",\"@graph\":[{\"@type\":\"WebPage\",\"@id\":\"https:\\\/\\\/webaze.com\\\/web\\\/cloudloesninger\\\/\",\"url\":\"https:\\\/\\\/webaze.com\\\/web\\\/cloudloesninger\\\/\",\"name\":\"Cloud l\u00f8sninger - Webaze.com\",\"isPartOf\":{\"@id\":\"https:\\\/\\\/webaze.com\\\/web\\\/#website\"},\"primaryImageOfPage\":{\"@id\":\"https:\\\/\\\/webaze.com\\\/web\\\/cloudloesninger\\\/#primaryimage\"},\"image\":{\"@id\":\"https:\\\/\\\/webaze.com\\\/web\\\/cloudloesninger\\\/#primaryimage\"},\"thumbnailUrl\":\"https:\\\/\\\/webaze.com\\\/web\\\/wp-content\\\/uploads\\\/2025\\\/09\\\/CloudAccess2-682x1024.png\",\"datePublished\":\"2022-07-26T18:37:17+00:00\",\"dateModified\":\"2026-04-13T21:17:28+00:00\",\"description\":\"Med Cloud Access til l\u00e5sesystemer kan du samle flere geografisk adskilte sites i samme system eller f.eks tilbyde mindre kunder SALTO Space.\",\"breadcrumb\":{\"@id\":\"https:\\\/\\\/webaze.com\\\/web\\\/cloudloesninger\\\/#breadcrumb\"},\"inLanguage\":\"da-DK\",\"potentialAction\":[{\"@type\":\"ReadAction\",\"target\":[\"https:\\\/\\\/webaze.com\\\/web\\\/cloudloesninger\\\/\"]}]},{\"@type\":\"ImageObject\",\"inLanguage\":\"da-DK\",\"@id\":\"https:\\\/\\\/webaze.com\\\/web\\\/cloudloesninger\\\/#primaryimage\",\"url\":\"https:\\\/\\\/webaze.com\\\/web\\\/wp-content\\\/uploads\\\/2025\\\/09\\\/CloudAccess2.png\",\"contentUrl\":\"https:\\\/\\\/webaze.com\\\/web\\\/wp-content\\\/uploads\\\/2025\\\/09\\\/CloudAccess2.png\",\"width\":700,\"height\":1051},{\"@type\":\"BreadcrumbList\",\"@id\":\"https:\\\/\\\/webaze.com\\\/web\\\/cloudloesninger\\\/#breadcrumb\",\"itemListElement\":[{\"@type\":\"ListItem\",\"position\":1,\"name\":\"Hjem\",\"item\":\"https:\\\/\\\/webaze.com\\\/web\\\/\"},{\"@type\":\"ListItem\",\"position\":2,\"name\":\"Cloud l\u00f8sninger\"}]},{\"@type\":\"WebSite\",\"@id\":\"https:\\\/\\\/webaze.com\\\/web\\\/#website\",\"url\":\"https:\\\/\\\/webaze.com\\\/web\\\/\",\"name\":\"Webaze.com\",\"description\":\"Cloud - Netv\u00e6rk - VPN - Salto - SimonsVoss\",\"publisher\":{\"@id\":\"https:\\\/\\\/webaze.com\\\/web\\\/#organization\"},\"potentialAction\":[{\"@type\":\"SearchAction\",\"target\":{\"@type\":\"EntryPoint\",\"urlTemplate\":\"https:\\\/\\\/webaze.com\\\/web\\\/?s={search_term_string}\"},\"query-input\":{\"@type\":\"PropertyValueSpecification\",\"valueRequired\":true,\"valueName\":\"search_term_string\"}}],\"inLanguage\":\"da-DK\"},{\"@type\":\"Organization\",\"@id\":\"https:\\\/\\\/webaze.com\\\/web\\\/#organization\",\"name\":\"Webaze.com\",\"url\":\"https:\\\/\\\/webaze.com\\\/web\\\/\",\"logo\":{\"@type\":\"ImageObject\",\"inLanguage\":\"da-DK\",\"@id\":\"https:\\\/\\\/webaze.com\\\/web\\\/#\\\/schema\\\/logo\\\/image\\\/\",\"url\":\"https:\\\/\\\/webaze.com\\\/web\\\/wp-content\\\/uploads\\\/2022\\\/04\\\/full-size-icon_trimmed.png\",\"contentUrl\":\"https:\\\/\\\/webaze.com\\\/web\\\/wp-content\\\/uploads\\\/2022\\\/04\\\/full-size-icon_trimmed.png\",\"width\":946,\"height\":508,\"caption\":\"Webaze.com\"},\"image\":{\"@id\":\"https:\\\/\\\/webaze.com\\\/web\\\/#\\\/schema\\\/logo\\\/image\\\/\"}}]}<\/script>\n<!-- \/ Yoast SEO plugin. -->","yoast_head_json":{"title":"Cloud l\u00f8sninger - Webaze.com","description":"Med Cloud Access til l\u00e5sesystemer kan du samle flere geografisk adskilte sites i samme system eller f.eks tilbyde mindre kunder SALTO Space.","robots":{"index":"index","follow":"follow","max-snippet":"max-snippet:-1","max-image-preview":"max-image-preview:large","max-video-preview":"max-video-preview:-1"},"canonical":"https:\/\/webaze.com\/web\/cloudloesninger\/","og_locale":"da_DK","og_type":"article","og_title":"Cloud l\u00f8sninger - Webaze.com","og_description":"Med Cloud Access til l\u00e5sesystemer kan du samle flere geografisk adskilte sites i samme system eller f.eks tilbyde mindre kunder SALTO Space.","og_url":"https:\/\/webaze.com\/web\/cloudloesninger\/","og_site_name":"Webaze.com","article_modified_time":"2026-04-13T21:17:28+00:00","og_image":[{"width":700,"height":1051,"url":"https:\/\/webaze.com\/web\/wp-content\/uploads\/2025\/09\/CloudAccess2.png","type":"image\/png"}],"twitter_card":"summary_large_image","twitter_misc":{"Estimeret l\u00e6setid":"3 minutter"},"schema":{"@context":"https:\/\/schema.org","@graph":[{"@type":"WebPage","@id":"https:\/\/webaze.com\/web\/cloudloesninger\/","url":"https:\/\/webaze.com\/web\/cloudloesninger\/","name":"Cloud l\u00f8sninger - Webaze.com","isPartOf":{"@id":"https:\/\/webaze.com\/web\/#website"},"primaryImageOfPage":{"@id":"https:\/\/webaze.com\/web\/cloudloesninger\/#primaryimage"},"image":{"@id":"https:\/\/webaze.com\/web\/cloudloesninger\/#primaryimage"},"thumbnailUrl":"https:\/\/webaze.com\/web\/wp-content\/uploads\/2025\/09\/CloudAccess2-682x1024.png","datePublished":"2022-07-26T18:37:17+00:00","dateModified":"2026-04-13T21:17:28+00:00","description":"Med Cloud Access til l\u00e5sesystemer kan du samle flere geografisk adskilte sites i samme system eller f.eks tilbyde mindre kunder SALTO Space.","breadcrumb":{"@id":"https:\/\/webaze.com\/web\/cloudloesninger\/#breadcrumb"},"inLanguage":"da-DK","potentialAction":[{"@type":"ReadAction","target":["https:\/\/webaze.com\/web\/cloudloesninger\/"]}]},{"@type":"ImageObject","inLanguage":"da-DK","@id":"https:\/\/webaze.com\/web\/cloudloesninger\/#primaryimage","url":"https:\/\/webaze.com\/web\/wp-content\/uploads\/2025\/09\/CloudAccess2.png","contentUrl":"https:\/\/webaze.com\/web\/wp-content\/uploads\/2025\/09\/CloudAccess2.png","width":700,"height":1051},{"@type":"BreadcrumbList","@id":"https:\/\/webaze.com\/web\/cloudloesninger\/#breadcrumb","itemListElement":[{"@type":"ListItem","position":1,"name":"Hjem","item":"https:\/\/webaze.com\/web\/"},{"@type":"ListItem","position":2,"name":"Cloud l\u00f8sninger"}]},{"@type":"WebSite","@id":"https:\/\/webaze.com\/web\/#website","url":"https:\/\/webaze.com\/web\/","name":"Webaze.com","description":"Cloud - Netv\u00e6rk - VPN - Salto - SimonsVoss","publisher":{"@id":"https:\/\/webaze.com\/web\/#organization"},"potentialAction":[{"@type":"SearchAction","target":{"@type":"EntryPoint","urlTemplate":"https:\/\/webaze.com\/web\/?s={search_term_string}"},"query-input":{"@type":"PropertyValueSpecification","valueRequired":true,"valueName":"search_term_string"}}],"inLanguage":"da-DK"},{"@type":"Organization","@id":"https:\/\/webaze.com\/web\/#organization","name":"Webaze.com","url":"https:\/\/webaze.com\/web\/","logo":{"@type":"ImageObject","inLanguage":"da-DK","@id":"https:\/\/webaze.com\/web\/#\/schema\/logo\/image\/","url":"https:\/\/webaze.com\/web\/wp-content\/uploads\/2022\/04\/full-size-icon_trimmed.png","contentUrl":"https:\/\/webaze.com\/web\/wp-content\/uploads\/2022\/04\/full-size-icon_trimmed.png","width":946,"height":508,"caption":"Webaze.com"},"image":{"@id":"https:\/\/webaze.com\/web\/#\/schema\/logo\/image\/"}}]}},"_links":{"self":[{"href":"https:\/\/webaze.com\/web\/wp-json\/wp\/v2\/pages\/677","targetHints":{"allow":["GET"]}}],"collection":[{"href":"https:\/\/webaze.com\/web\/wp-json\/wp\/v2\/pages"}],"about":[{"href":"https:\/\/webaze.com\/web\/wp-json\/wp\/v2\/types\/page"}],"author":[{"embeddable":true,"href":"https:\/\/webaze.com\/web\/wp-json\/wp\/v2\/users\/1"}],"replies":[{"embeddable":true,"href":"https:\/\/webaze.com\/web\/wp-json\/wp\/v2\/comments?post=677"}],"version-history":[{"count":115,"href":"https:\/\/webaze.com\/web\/wp-json\/wp\/v2\/pages\/677\/revisions"}],"predecessor-version":[{"id":1609,"href":"https:\/\/webaze.com\/web\/wp-json\/wp\/v2\/pages\/677\/revisions\/1609"}],"wp:attachment":[{"href":"https:\/\/webaze.com\/web\/wp-json\/wp\/v2\/media?parent=677"}],"curies":[{"name":"wp","href":"https:\/\/api.w.org\/{rel}","templated":true}]}}