{"id":705,"date":"2022-07-27T08:50:28","date_gmt":"2022-07-27T08:50:28","guid":{"rendered":"https:\/\/webaze.com\/web\/?page_id=705"},"modified":"2025-09-24T08:59:31","modified_gmt":"2025-09-24T08:59:31","slug":"cloudloesning","status":"publish","type":"page","link":"https:\/\/webaze.com\/web\/priser\/cloudloesning\/","title":{"rendered":"Cloudl\u00f8sninger"},"content":{"rendered":"\n<h1 class=\"wp-block-heading has-text-align-center\">Priseksempler &#8211; Cloud Access<\/h1>\n\n\n\n<div style=\"height:29px\" aria-hidden=\"true\" class=\"wp-block-spacer\"><\/div>\n\n\n\n<p>L\u00f8sninger og ydelser er altid n\u00f8je tilpasset den enkelte virksomheds behov. Derfor er det sv\u00e6rt at give pr\u00e6cise priser p\u00e5 forh\u00e5nd.<br><br>Vi kan dog give en id\u00e9 med dette eksempel baseret p\u00e5 en typisk l\u00f8sning med SALTO, Simons Voss, NOX, Ruko SMARTair, Jablotron eller lign.<\/p>\n\n\n\n<p>L\u00f8sningen er typisk <strong>semi-managed<\/strong>. Men alle niveauer kan aftales.<\/p>\n\n\n\n<p><\/p>\n\n\n\n<p><em><strong>Semi-managed:<\/strong><\/em><br>Vi st\u00e5r for installation og drift af operativsystem og div software p\u00e5 cloud platformen samt opkobling (netv\u00e6rk) til alle kundeafdelinger.<br>Derefter giver vi login til ADK\/sikrings softwaren (f.eks salto) videre til dig, der selv styrer ops\u00e6tning og videre drift.<\/p>\n\n\n\n<div style=\"height:18px\" aria-hidden=\"true\" class=\"wp-block-spacer\"><\/div>\n\n\n\n<p><strong>Pris eks og indhold:<\/strong><br>Cloud Access l\u00f8sning &#8211; Semi-managed:<\/p>\n\n\n\n<p><\/p>\n\n\n\n<ul class=\"wp-block-list\">\n<li>Komplet installation og ops\u00e6tning af tilpasset system.<\/li>\n\n\n\n<li>Firewall<\/li>\n\n\n\n<li>Krypterede forbindelser<\/li>\n\n\n\n<li>Intrusion Detection- og Intrusion Protection Systemer, antivirus mm.<\/li>\n\n\n\n<li>Proaktiv overv\u00e5gning af Cloud Access netv\u00e6rket<\/li>\n\n\n\n<li>Backup<\/li>\n\n\n\n<li>Sikkerhedsskanninger og opf\u00f8lgning.<\/li>\n\n\n\n<li>Egen cluster cloud platform for sikring af h\u00f8j stabilitet og oppetid.<\/li>\n\n\n\n<li>Fagligt uddannet, h\u00f8jt kvalificeret, 100% dansk arbejde, udf\u00f8rt lokalt.<\/li>\n\n\n\n<li>Kraftige servere med lynhurtige svartider.<\/li>\n<\/ul>\n\n\n\n<p>&#8212;&#8212;&#8212;&#8212;&#8212;&#8212;&#8212;&#8212;&#8212;&#8212;&#8212;&#8212;&#8212;&#8212;&#8212;&#8212;&#8212;&#8212;<\/p>\n\n\n\n<p><strong>Priser:<\/strong><\/p>\n\n\n\n<ul class=\"wp-block-list\">\n<li>Oprettelse (installation og ops\u00e6tning) 2499-4995 DKK<\/li>\n\n\n\n<li>Pr. m\u00e5ned ca. 1299 &#8211; 2499 DKK afh\u00e6ngig af behov.<\/li>\n\n\n\n<li>Pris pr opkoblet lokation, 149 DKK\/md. + Oprettelse: ca. 2499 DKK inkl. Cloud Access boks, k\u00f8rsel mm.<\/li>\n\n\n\n<li>For 4G \/ 5G l\u00f8sninger typisk 249 DKK\/md. afh\u00e6ngig af trafikbehov.<\/li>\n<\/ul>\n\n\n\n<p>Alle priser ekskl. moms.<\/p>\n\n\n\n<p><\/p>\n","protected":false},"excerpt":{"rendered":"<p>Priseksempler &#8211; Cloud Access L\u00f8sninger og ydelser er altid n\u00f8je tilpasset den enkelte virksomheds behov. Derfor er det sv\u00e6rt at give pr\u00e6cise priser p\u00e5 forh\u00e5nd. Vi kan dog give en id\u00e9 med dette eksempel baseret p\u00e5 en typisk l\u00f8sning med SALTO, Simons Voss, NOX, Ruko SMARTair, Jablotron eller lign. L\u00f8sningen er typisk semi-managed. Men alle [&hellip;]<\/p>\n","protected":false},"author":1,"featured_media":0,"parent":462,"menu_order":14,"comment_status":"closed","ping_status":"closed","template":"","meta":{"saved_in_kubio":false,"footnotes":""},"class_list":["post-705","page","type-page","status-publish","hentry"],"kubio_ai_page_context":{"short_desc":"","purpose":"general"},"yoast_head":"<!-- This site is optimized with the Yoast SEO plugin v27.3 - https:\/\/yoast.com\/product\/yoast-seo-wordpress\/ -->\n<title>Cloudl\u00f8sninger - Webaze.com<\/title>\n<meta name=\"description\" content=\"Priseksempel p\u00e5 Cloud Access til l\u00e5sesystemer hvor du kan samle flere geografisk adskilte sites i samme system eller tilbyde mindre kunder SALTO Space\" \/>\n<meta name=\"robots\" content=\"index, follow, max-snippet:-1, max-image-preview:large, max-video-preview:-1\" \/>\n<link rel=\"canonical\" href=\"https:\/\/webaze.com\/web\/priser\/cloudloesning\/\" \/>\n<meta property=\"og:locale\" content=\"da_DK\" \/>\n<meta property=\"og:type\" content=\"article\" \/>\n<meta property=\"og:title\" content=\"Cloudl\u00f8sninger - Webaze.com\" \/>\n<meta property=\"og:description\" content=\"Priseksempel p\u00e5 Cloud Access til l\u00e5sesystemer hvor du kan samle flere geografisk adskilte sites i samme system eller tilbyde mindre kunder SALTO Space\" \/>\n<meta property=\"og:url\" content=\"https:\/\/webaze.com\/web\/priser\/cloudloesning\/\" \/>\n<meta property=\"og:site_name\" content=\"Webaze.com\" \/>\n<meta property=\"article:modified_time\" content=\"2025-09-24T08:59:31+00:00\" \/>\n<meta name=\"twitter:card\" content=\"summary_large_image\" \/>\n<meta name=\"twitter:label1\" content=\"Estimeret l\u00e6setid\" \/>\n\t<meta name=\"twitter:data1\" content=\"2 minutter\" \/>\n<script type=\"application\/ld+json\" class=\"yoast-schema-graph\">{\"@context\":\"https:\\\/\\\/schema.org\",\"@graph\":[{\"@type\":\"WebPage\",\"@id\":\"https:\\\/\\\/webaze.com\\\/web\\\/priser\\\/cloudloesning\\\/\",\"url\":\"https:\\\/\\\/webaze.com\\\/web\\\/priser\\\/cloudloesning\\\/\",\"name\":\"Cloudl\u00f8sninger - Webaze.com\",\"isPartOf\":{\"@id\":\"https:\\\/\\\/webaze.com\\\/web\\\/#website\"},\"datePublished\":\"2022-07-27T08:50:28+00:00\",\"dateModified\":\"2025-09-24T08:59:31+00:00\",\"description\":\"Priseksempel p\u00e5 Cloud Access til l\u00e5sesystemer hvor du kan samle flere geografisk adskilte sites i samme system eller tilbyde mindre kunder SALTO Space\",\"breadcrumb\":{\"@id\":\"https:\\\/\\\/webaze.com\\\/web\\\/priser\\\/cloudloesning\\\/#breadcrumb\"},\"inLanguage\":\"da-DK\",\"potentialAction\":[{\"@type\":\"ReadAction\",\"target\":[\"https:\\\/\\\/webaze.com\\\/web\\\/priser\\\/cloudloesning\\\/\"]}]},{\"@type\":\"BreadcrumbList\",\"@id\":\"https:\\\/\\\/webaze.com\\\/web\\\/priser\\\/cloudloesning\\\/#breadcrumb\",\"itemListElement\":[{\"@type\":\"ListItem\",\"position\":1,\"name\":\"Hjem\",\"item\":\"https:\\\/\\\/webaze.com\\\/web\\\/\"},{\"@type\":\"ListItem\",\"position\":2,\"name\":\"Priser\",\"item\":\"https:\\\/\\\/webaze.com\\\/web\\\/priser\\\/\"},{\"@type\":\"ListItem\",\"position\":3,\"name\":\"Cloudl\u00f8sninger\"}]},{\"@type\":\"WebSite\",\"@id\":\"https:\\\/\\\/webaze.com\\\/web\\\/#website\",\"url\":\"https:\\\/\\\/webaze.com\\\/web\\\/\",\"name\":\"Webaze.com\",\"description\":\"Cloud - Netv\u00e6rk - VPN - Salto - SimonsVoss\",\"publisher\":{\"@id\":\"https:\\\/\\\/webaze.com\\\/web\\\/#organization\"},\"potentialAction\":[{\"@type\":\"SearchAction\",\"target\":{\"@type\":\"EntryPoint\",\"urlTemplate\":\"https:\\\/\\\/webaze.com\\\/web\\\/?s={search_term_string}\"},\"query-input\":{\"@type\":\"PropertyValueSpecification\",\"valueRequired\":true,\"valueName\":\"search_term_string\"}}],\"inLanguage\":\"da-DK\"},{\"@type\":\"Organization\",\"@id\":\"https:\\\/\\\/webaze.com\\\/web\\\/#organization\",\"name\":\"Webaze.com\",\"url\":\"https:\\\/\\\/webaze.com\\\/web\\\/\",\"logo\":{\"@type\":\"ImageObject\",\"inLanguage\":\"da-DK\",\"@id\":\"https:\\\/\\\/webaze.com\\\/web\\\/#\\\/schema\\\/logo\\\/image\\\/\",\"url\":\"https:\\\/\\\/webaze.com\\\/web\\\/wp-content\\\/uploads\\\/2022\\\/04\\\/full-size-icon_trimmed.png\",\"contentUrl\":\"https:\\\/\\\/webaze.com\\\/web\\\/wp-content\\\/uploads\\\/2022\\\/04\\\/full-size-icon_trimmed.png\",\"width\":946,\"height\":508,\"caption\":\"Webaze.com\"},\"image\":{\"@id\":\"https:\\\/\\\/webaze.com\\\/web\\\/#\\\/schema\\\/logo\\\/image\\\/\"}}]}<\/script>\n<!-- \/ Yoast SEO plugin. -->","yoast_head_json":{"title":"Cloudl\u00f8sninger - Webaze.com","description":"Priseksempel p\u00e5 Cloud Access til l\u00e5sesystemer hvor du kan samle flere geografisk adskilte sites i samme system eller tilbyde mindre kunder SALTO Space","robots":{"index":"index","follow":"follow","max-snippet":"max-snippet:-1","max-image-preview":"max-image-preview:large","max-video-preview":"max-video-preview:-1"},"canonical":"https:\/\/webaze.com\/web\/priser\/cloudloesning\/","og_locale":"da_DK","og_type":"article","og_title":"Cloudl\u00f8sninger - Webaze.com","og_description":"Priseksempel p\u00e5 Cloud Access til l\u00e5sesystemer hvor du kan samle flere geografisk adskilte sites i samme system eller tilbyde mindre kunder SALTO Space","og_url":"https:\/\/webaze.com\/web\/priser\/cloudloesning\/","og_site_name":"Webaze.com","article_modified_time":"2025-09-24T08:59:31+00:00","twitter_card":"summary_large_image","twitter_misc":{"Estimeret l\u00e6setid":"2 minutter"},"schema":{"@context":"https:\/\/schema.org","@graph":[{"@type":"WebPage","@id":"https:\/\/webaze.com\/web\/priser\/cloudloesning\/","url":"https:\/\/webaze.com\/web\/priser\/cloudloesning\/","name":"Cloudl\u00f8sninger - Webaze.com","isPartOf":{"@id":"https:\/\/webaze.com\/web\/#website"},"datePublished":"2022-07-27T08:50:28+00:00","dateModified":"2025-09-24T08:59:31+00:00","description":"Priseksempel p\u00e5 Cloud Access til l\u00e5sesystemer hvor du kan samle flere geografisk adskilte sites i samme system eller tilbyde mindre kunder SALTO Space","breadcrumb":{"@id":"https:\/\/webaze.com\/web\/priser\/cloudloesning\/#breadcrumb"},"inLanguage":"da-DK","potentialAction":[{"@type":"ReadAction","target":["https:\/\/webaze.com\/web\/priser\/cloudloesning\/"]}]},{"@type":"BreadcrumbList","@id":"https:\/\/webaze.com\/web\/priser\/cloudloesning\/#breadcrumb","itemListElement":[{"@type":"ListItem","position":1,"name":"Hjem","item":"https:\/\/webaze.com\/web\/"},{"@type":"ListItem","position":2,"name":"Priser","item":"https:\/\/webaze.com\/web\/priser\/"},{"@type":"ListItem","position":3,"name":"Cloudl\u00f8sninger"}]},{"@type":"WebSite","@id":"https:\/\/webaze.com\/web\/#website","url":"https:\/\/webaze.com\/web\/","name":"Webaze.com","description":"Cloud - Netv\u00e6rk - VPN - Salto - SimonsVoss","publisher":{"@id":"https:\/\/webaze.com\/web\/#organization"},"potentialAction":[{"@type":"SearchAction","target":{"@type":"EntryPoint","urlTemplate":"https:\/\/webaze.com\/web\/?s={search_term_string}"},"query-input":{"@type":"PropertyValueSpecification","valueRequired":true,"valueName":"search_term_string"}}],"inLanguage":"da-DK"},{"@type":"Organization","@id":"https:\/\/webaze.com\/web\/#organization","name":"Webaze.com","url":"https:\/\/webaze.com\/web\/","logo":{"@type":"ImageObject","inLanguage":"da-DK","@id":"https:\/\/webaze.com\/web\/#\/schema\/logo\/image\/","url":"https:\/\/webaze.com\/web\/wp-content\/uploads\/2022\/04\/full-size-icon_trimmed.png","contentUrl":"https:\/\/webaze.com\/web\/wp-content\/uploads\/2022\/04\/full-size-icon_trimmed.png","width":946,"height":508,"caption":"Webaze.com"},"image":{"@id":"https:\/\/webaze.com\/web\/#\/schema\/logo\/image\/"}}]}},"_links":{"self":[{"href":"https:\/\/webaze.com\/web\/wp-json\/wp\/v2\/pages\/705","targetHints":{"allow":["GET"]}}],"collection":[{"href":"https:\/\/webaze.com\/web\/wp-json\/wp\/v2\/pages"}],"about":[{"href":"https:\/\/webaze.com\/web\/wp-json\/wp\/v2\/types\/page"}],"author":[{"embeddable":true,"href":"https:\/\/webaze.com\/web\/wp-json\/wp\/v2\/users\/1"}],"replies":[{"embeddable":true,"href":"https:\/\/webaze.com\/web\/wp-json\/wp\/v2\/comments?post=705"}],"version-history":[{"count":60,"href":"https:\/\/webaze.com\/web\/wp-json\/wp\/v2\/pages\/705\/revisions"}],"predecessor-version":[{"id":1590,"href":"https:\/\/webaze.com\/web\/wp-json\/wp\/v2\/pages\/705\/revisions\/1590"}],"up":[{"embeddable":true,"href":"https:\/\/webaze.com\/web\/wp-json\/wp\/v2\/pages\/462"}],"wp:attachment":[{"href":"https:\/\/webaze.com\/web\/wp-json\/wp\/v2\/media?parent=705"}],"curies":[{"name":"wp","href":"https:\/\/api.w.org\/{rel}","templated":true}]}}