{"id":746,"date":"2022-07-27T10:25:29","date_gmt":"2022-07-27T10:25:29","guid":{"rendered":"https:\/\/webaze.com\/web\/?page_id=746"},"modified":"2025-08-01T01:48:27","modified_gmt":"2025-08-01T01:48:27","slug":"priser-konsulentydelser-salto","status":"publish","type":"page","link":"https:\/\/webaze.com\/web\/priser\/priser-konsulentydelser-salto\/","title":{"rendered":"Konsulentydelser"},"content":{"rendered":"\n<h1 class=\"wp-block-heading has-text-align-center\">Priser p\u00e5 konsulentydelser<\/h1>\n\n\n\n<div style=\"height:36px\" aria-hidden=\"true\" class=\"wp-block-spacer\"><\/div>\n\n\n\n<p>Konsulentarbejde d\u00e6kker f.eks.:<\/p>\n\n\n\n<ul class=\"wp-block-list\">\n<li>Ops\u00e6tning af Salto<\/li>\n\n\n\n<li>Fejlfinding og l\u00f8sning<\/li>\n\n\n\n<li>Flytninger og migrationer<\/li>\n<\/ul>\n\n\n\n<p>Vores timepris er lav, men udf\u00f8res lokalt af h\u00f8jt kvalificeret, 100% dansk arbejdskraft. <br>Vi kan holde prisen nede fordi vi har minimeret administrationen og fravalg dyre bygninger.<\/p>\n\n\n\n<p><strong>Timepris 500 DKK<\/strong><br>Telefonisk kan afregnes ned til p\u00e5begyndt kvarter = <strong>125 DKK<\/strong><br>K\u00f8rsel 500 DKK\/ time + evt ekstraudgifter som bro og lign.<\/p>\n\n\n\n<p>Alle priser ekskl. moms.<\/p>\n\n\n\n<p><\/p>\n","protected":false},"excerpt":{"rendered":"<p>Priser p\u00e5 konsulentydelser Konsulentarbejde d\u00e6kker f.eks.: Vores timepris er lav, men udf\u00f8res lokalt af h\u00f8jt kvalificeret, 100% dansk arbejdskraft. Vi kan holde prisen nede fordi vi har minimeret administrationen og fravalg dyre bygninger. Timepris 500 DKKTelefonisk kan afregnes ned til p\u00e5begyndt kvarter = 125 DKKK\u00f8rsel 500 DKK\/ time + evt ekstraudgifter som bro og lign. [&hellip;]<\/p>\n","protected":false},"author":1,"featured_media":0,"parent":462,"menu_order":13,"comment_status":"closed","ping_status":"closed","template":"","meta":{"saved_in_kubio":false,"footnotes":""},"class_list":["post-746","page","type-page","status-publish","hentry"],"kubio_ai_page_context":{"short_desc":"","purpose":"general"},"yoast_head":"<!-- This site is optimized with the Yoast SEO plugin v27.3 - https:\/\/yoast.com\/product\/yoast-seo-wordpress\/ -->\n<title>Konsulentydelser - Webaze.com<\/title>\n<meta name=\"description\" content=\"Webaze tilbyder datauddannede og erfarne lokale danske konsulenter til l\u00f8sning af dine SALTO udfordringer til fornuftige priser\" \/>\n<meta name=\"robots\" content=\"index, follow, max-snippet:-1, max-image-preview:large, max-video-preview:-1\" \/>\n<link rel=\"canonical\" href=\"https:\/\/webaze.com\/web\/priser\/priser-konsulentydelser-salto\/\" \/>\n<meta property=\"og:locale\" content=\"da_DK\" \/>\n<meta property=\"og:type\" content=\"article\" \/>\n<meta property=\"og:title\" content=\"Konsulentydelser - Webaze.com\" \/>\n<meta property=\"og:description\" content=\"Webaze tilbyder datauddannede og erfarne lokale danske konsulenter til l\u00f8sning af dine SALTO udfordringer til fornuftige priser\" \/>\n<meta property=\"og:url\" content=\"https:\/\/webaze.com\/web\/priser\/priser-konsulentydelser-salto\/\" \/>\n<meta property=\"og:site_name\" content=\"Webaze.com\" \/>\n<meta property=\"article:modified_time\" content=\"2025-08-01T01:48:27+00:00\" \/>\n<meta name=\"twitter:card\" content=\"summary_large_image\" \/>\n<meta name=\"twitter:label1\" content=\"Estimeret l\u00e6setid\" \/>\n\t<meta name=\"twitter:data1\" content=\"1 minut\" \/>\n<script type=\"application\/ld+json\" class=\"yoast-schema-graph\">{\"@context\":\"https:\\\/\\\/schema.org\",\"@graph\":[{\"@type\":\"WebPage\",\"@id\":\"https:\\\/\\\/webaze.com\\\/web\\\/priser\\\/priser-konsulentydelser-salto\\\/\",\"url\":\"https:\\\/\\\/webaze.com\\\/web\\\/priser\\\/priser-konsulentydelser-salto\\\/\",\"name\":\"Konsulentydelser - Webaze.com\",\"isPartOf\":{\"@id\":\"https:\\\/\\\/webaze.com\\\/web\\\/#website\"},\"datePublished\":\"2022-07-27T10:25:29+00:00\",\"dateModified\":\"2025-08-01T01:48:27+00:00\",\"description\":\"Webaze tilbyder datauddannede og erfarne lokale danske konsulenter til l\u00f8sning af dine SALTO udfordringer til fornuftige priser\",\"breadcrumb\":{\"@id\":\"https:\\\/\\\/webaze.com\\\/web\\\/priser\\\/priser-konsulentydelser-salto\\\/#breadcrumb\"},\"inLanguage\":\"da-DK\",\"potentialAction\":[{\"@type\":\"ReadAction\",\"target\":[\"https:\\\/\\\/webaze.com\\\/web\\\/priser\\\/priser-konsulentydelser-salto\\\/\"]}]},{\"@type\":\"BreadcrumbList\",\"@id\":\"https:\\\/\\\/webaze.com\\\/web\\\/priser\\\/priser-konsulentydelser-salto\\\/#breadcrumb\",\"itemListElement\":[{\"@type\":\"ListItem\",\"position\":1,\"name\":\"Hjem\",\"item\":\"https:\\\/\\\/webaze.com\\\/web\\\/\"},{\"@type\":\"ListItem\",\"position\":2,\"name\":\"Priser\",\"item\":\"https:\\\/\\\/webaze.com\\\/web\\\/priser\\\/\"},{\"@type\":\"ListItem\",\"position\":3,\"name\":\"Konsulentydelser\"}]},{\"@type\":\"WebSite\",\"@id\":\"https:\\\/\\\/webaze.com\\\/web\\\/#website\",\"url\":\"https:\\\/\\\/webaze.com\\\/web\\\/\",\"name\":\"Webaze.com\",\"description\":\"Cloud - Netv\u00e6rk - VPN - Salto - SimonsVoss\",\"publisher\":{\"@id\":\"https:\\\/\\\/webaze.com\\\/web\\\/#organization\"},\"potentialAction\":[{\"@type\":\"SearchAction\",\"target\":{\"@type\":\"EntryPoint\",\"urlTemplate\":\"https:\\\/\\\/webaze.com\\\/web\\\/?s={search_term_string}\"},\"query-input\":{\"@type\":\"PropertyValueSpecification\",\"valueRequired\":true,\"valueName\":\"search_term_string\"}}],\"inLanguage\":\"da-DK\"},{\"@type\":\"Organization\",\"@id\":\"https:\\\/\\\/webaze.com\\\/web\\\/#organization\",\"name\":\"Webaze.com\",\"url\":\"https:\\\/\\\/webaze.com\\\/web\\\/\",\"logo\":{\"@type\":\"ImageObject\",\"inLanguage\":\"da-DK\",\"@id\":\"https:\\\/\\\/webaze.com\\\/web\\\/#\\\/schema\\\/logo\\\/image\\\/\",\"url\":\"https:\\\/\\\/webaze.com\\\/web\\\/wp-content\\\/uploads\\\/2022\\\/04\\\/full-size-icon_trimmed.png\",\"contentUrl\":\"https:\\\/\\\/webaze.com\\\/web\\\/wp-content\\\/uploads\\\/2022\\\/04\\\/full-size-icon_trimmed.png\",\"width\":946,\"height\":508,\"caption\":\"Webaze.com\"},\"image\":{\"@id\":\"https:\\\/\\\/webaze.com\\\/web\\\/#\\\/schema\\\/logo\\\/image\\\/\"}}]}<\/script>\n<!-- \/ Yoast SEO plugin. -->","yoast_head_json":{"title":"Konsulentydelser - Webaze.com","description":"Webaze tilbyder datauddannede og erfarne lokale danske konsulenter til l\u00f8sning af dine SALTO udfordringer til fornuftige priser","robots":{"index":"index","follow":"follow","max-snippet":"max-snippet:-1","max-image-preview":"max-image-preview:large","max-video-preview":"max-video-preview:-1"},"canonical":"https:\/\/webaze.com\/web\/priser\/priser-konsulentydelser-salto\/","og_locale":"da_DK","og_type":"article","og_title":"Konsulentydelser - Webaze.com","og_description":"Webaze tilbyder datauddannede og erfarne lokale danske konsulenter til l\u00f8sning af dine SALTO udfordringer til fornuftige priser","og_url":"https:\/\/webaze.com\/web\/priser\/priser-konsulentydelser-salto\/","og_site_name":"Webaze.com","article_modified_time":"2025-08-01T01:48:27+00:00","twitter_card":"summary_large_image","twitter_misc":{"Estimeret l\u00e6setid":"1 minut"},"schema":{"@context":"https:\/\/schema.org","@graph":[{"@type":"WebPage","@id":"https:\/\/webaze.com\/web\/priser\/priser-konsulentydelser-salto\/","url":"https:\/\/webaze.com\/web\/priser\/priser-konsulentydelser-salto\/","name":"Konsulentydelser - Webaze.com","isPartOf":{"@id":"https:\/\/webaze.com\/web\/#website"},"datePublished":"2022-07-27T10:25:29+00:00","dateModified":"2025-08-01T01:48:27+00:00","description":"Webaze tilbyder datauddannede og erfarne lokale danske konsulenter til l\u00f8sning af dine SALTO udfordringer til fornuftige priser","breadcrumb":{"@id":"https:\/\/webaze.com\/web\/priser\/priser-konsulentydelser-salto\/#breadcrumb"},"inLanguage":"da-DK","potentialAction":[{"@type":"ReadAction","target":["https:\/\/webaze.com\/web\/priser\/priser-konsulentydelser-salto\/"]}]},{"@type":"BreadcrumbList","@id":"https:\/\/webaze.com\/web\/priser\/priser-konsulentydelser-salto\/#breadcrumb","itemListElement":[{"@type":"ListItem","position":1,"name":"Hjem","item":"https:\/\/webaze.com\/web\/"},{"@type":"ListItem","position":2,"name":"Priser","item":"https:\/\/webaze.com\/web\/priser\/"},{"@type":"ListItem","position":3,"name":"Konsulentydelser"}]},{"@type":"WebSite","@id":"https:\/\/webaze.com\/web\/#website","url":"https:\/\/webaze.com\/web\/","name":"Webaze.com","description":"Cloud - Netv\u00e6rk - VPN - Salto - SimonsVoss","publisher":{"@id":"https:\/\/webaze.com\/web\/#organization"},"potentialAction":[{"@type":"SearchAction","target":{"@type":"EntryPoint","urlTemplate":"https:\/\/webaze.com\/web\/?s={search_term_string}"},"query-input":{"@type":"PropertyValueSpecification","valueRequired":true,"valueName":"search_term_string"}}],"inLanguage":"da-DK"},{"@type":"Organization","@id":"https:\/\/webaze.com\/web\/#organization","name":"Webaze.com","url":"https:\/\/webaze.com\/web\/","logo":{"@type":"ImageObject","inLanguage":"da-DK","@id":"https:\/\/webaze.com\/web\/#\/schema\/logo\/image\/","url":"https:\/\/webaze.com\/web\/wp-content\/uploads\/2022\/04\/full-size-icon_trimmed.png","contentUrl":"https:\/\/webaze.com\/web\/wp-content\/uploads\/2022\/04\/full-size-icon_trimmed.png","width":946,"height":508,"caption":"Webaze.com"},"image":{"@id":"https:\/\/webaze.com\/web\/#\/schema\/logo\/image\/"}}]}},"_links":{"self":[{"href":"https:\/\/webaze.com\/web\/wp-json\/wp\/v2\/pages\/746","targetHints":{"allow":["GET"]}}],"collection":[{"href":"https:\/\/webaze.com\/web\/wp-json\/wp\/v2\/pages"}],"about":[{"href":"https:\/\/webaze.com\/web\/wp-json\/wp\/v2\/types\/page"}],"author":[{"embeddable":true,"href":"https:\/\/webaze.com\/web\/wp-json\/wp\/v2\/users\/1"}],"replies":[{"embeddable":true,"href":"https:\/\/webaze.com\/web\/wp-json\/wp\/v2\/comments?post=746"}],"version-history":[{"count":10,"href":"https:\/\/webaze.com\/web\/wp-json\/wp\/v2\/pages\/746\/revisions"}],"predecessor-version":[{"id":1429,"href":"https:\/\/webaze.com\/web\/wp-json\/wp\/v2\/pages\/746\/revisions\/1429"}],"up":[{"embeddable":true,"href":"https:\/\/webaze.com\/web\/wp-json\/wp\/v2\/pages\/462"}],"wp:attachment":[{"href":"https:\/\/webaze.com\/web\/wp-json\/wp\/v2\/media?parent=746"}],"curies":[{"name":"wp","href":"https:\/\/api.w.org\/{rel}","templated":true}]}}