{"id":844,"date":"2022-10-01T13:03:10","date_gmt":"2022-10-01T13:03:10","guid":{"rendered":"https:\/\/webaze.com\/web\/?page_id=844"},"modified":"2024-08-05T14:35:03","modified_gmt":"2024-08-05T14:35:03","slug":"netvaerk-og-cloud","status":"publish","type":"page","link":"https:\/\/webaze.com\/web\/netvaerk-og-cloud\/","title":{"rendered":"Netv\u00e6rk og Cloud"},"content":{"rendered":"\n<h1 class=\"wp-block-heading has-text-align-center\">Netv\u00e6rk og Cloud til mindre virksomheder<\/h1>\n\n\n\n<a href=\"#content\"><\/a>\n\n\n\n<div style=\"height:40px\" aria-hidden=\"true\" class=\"wp-block-spacer\"><\/div>\n\n\n\n<p>Forbind virksomhedens afdelinger, hjemmearbejdspladser, enheder, iot, cloud-services osv. med hinanden, pr\u00e6cis som du \u00f8nsker det, til uh\u00f8rt lave priser og hurtig levering.<\/p>\n\n\n\n<p>Webaze designer og ops\u00e6tter l\u00f8sninger skaleret til jeres behov og fremtid, uden at g\u00e5 p\u00e5 kompromis med hverken kvalitet, sikkerhed eller stabilitet. Du betaler derfor ikke for un\u00f8dvendigt dyre standardl\u00f8sninger.<\/p>\n\n\n\n<p>Ved hver opgave analyseres infrastruktur og fremtidsplaner og vi snakker om hvilke elementer der evt. kunne give mening at flytte til Cloud.<\/p>\n\n\n\n<p>Dern\u00e6st designes sammenkoblingen af lokationer og services, s\u00e5ledes at alle netv\u00e6rksressourcer er tilg\u00e6ngelige for alle, uden forsinkelser eller flaskehalse.<\/p>\n\n\n\n<p>Vi g\u00f8r det til en uh\u00f8rt lav pris pga. vores begr\u00e6nsede st\u00f8rrelse og h\u00f8je effektivitet. Vores erfaringsgrundlag p\u00e5 over 20 \u00e5r sikrer en tryg og seri\u00f8s proces.<br>Du vil blive m\u00f8dt af fagligt uddannet dansk arbejdskraft, der m\u00f8der dig lokalt og udf\u00f8rer hele opgaven.<\/p>\n\n\n\n<p>Prisgaranti p\u00e5 alle opgaver.<br>Ingen l\u00f8sning &#8211; ingen regning.<\/p>\n\n\n\n<div style=\"height:77px\" aria-hidden=\"true\" class=\"wp-block-spacer\"><\/div>\n\n\n\n<figure class=\"wp-block-image size-large is-resized\"><img loading=\"lazy\" decoding=\"async\" width=\"1024\" height=\"644\" src=\"https:\/\/webaze.com\/web\/wp-content\/uploads\/2023\/02\/SD-Wan-1024x644.webp\" alt=\"\" class=\"wp-image-951\" style=\"width:580px;height:365px\" srcset=\"https:\/\/webaze.com\/web\/wp-content\/uploads\/2023\/02\/SD-Wan-1024x644.webp 1024w, https:\/\/webaze.com\/web\/wp-content\/uploads\/2023\/02\/SD-Wan-300x189.webp 300w, https:\/\/webaze.com\/web\/wp-content\/uploads\/2023\/02\/SD-Wan-768x483.webp 768w, https:\/\/webaze.com\/web\/wp-content\/uploads\/2023\/02\/SD-Wan-1536x966.webp 1536w, https:\/\/webaze.com\/web\/wp-content\/uploads\/2023\/02\/SD-Wan-2048x1288.webp 2048w, https:\/\/webaze.com\/web\/wp-content\/uploads\/2023\/02\/SD-Wan-477x300.webp 477w\" sizes=\"(max-width: 1024px) 100vw, 1024px\" \/><\/figure>\n\n\n\n<p><\/p>\n\n\n\n<p><\/p>\n","protected":false},"excerpt":{"rendered":"<p>Netv\u00e6rk og Cloud til mindre virksomheder Forbind virksomhedens afdelinger, hjemmearbejdspladser, enheder, iot, cloud-services osv. med hinanden, pr\u00e6cis som du \u00f8nsker det, til uh\u00f8rt lave priser og hurtig levering. Webaze designer og ops\u00e6tter l\u00f8sninger skaleret til jeres behov og fremtid, uden at g\u00e5 p\u00e5 kompromis med hverken kvalitet, sikkerhed eller stabilitet. Du betaler derfor ikke for [&hellip;]<\/p>\n","protected":false},"author":1,"featured_media":0,"parent":0,"menu_order":1,"comment_status":"closed","ping_status":"closed","template":"","meta":{"saved_in_kubio":false,"footnotes":""},"class_list":["post-844","page","type-page","status-publish","hentry"],"kubio_ai_page_context":{"short_desc":"","purpose":"general"},"yoast_head":"<!-- This site is optimized with the Yoast SEO plugin v27.1.1 - https:\/\/yoast.com\/product\/yoast-seo-wordpress\/ -->\n<title>Netv\u00e6rk og Cloud - Webaze.com<\/title>\n<meta name=\"description\" content=\"Webaze leverer netv\u00e6rk og cloud l\u00f8sninger til s\u00e6rligt mindre virksomheder til overkommelige priser - uddannet dansk arbejde, udf\u00f8rt lokalt\" \/>\n<meta name=\"robots\" content=\"index, follow, max-snippet:-1, max-image-preview:large, max-video-preview:-1\" \/>\n<link rel=\"canonical\" href=\"https:\/\/webaze.com\/web\/netvaerk-og-cloud\/\" \/>\n<meta property=\"og:locale\" content=\"da_DK\" \/>\n<meta property=\"og:type\" content=\"article\" \/>\n<meta property=\"og:title\" content=\"Netv\u00e6rk og Cloud - Webaze.com\" \/>\n<meta property=\"og:description\" content=\"Webaze leverer netv\u00e6rk og cloud l\u00f8sninger til s\u00e6rligt mindre virksomheder til overkommelige priser - uddannet dansk arbejde, udf\u00f8rt lokalt\" \/>\n<meta property=\"og:url\" content=\"https:\/\/webaze.com\/web\/netvaerk-og-cloud\/\" \/>\n<meta property=\"og:site_name\" content=\"Webaze.com\" \/>\n<meta property=\"article:modified_time\" content=\"2024-08-05T14:35:03+00:00\" \/>\n<meta property=\"og:image\" content=\"https:\/\/webaze.com\/web\/wp-content\/uploads\/2023\/02\/SD-Wan-1024x644.webp\" \/>\n<meta name=\"twitter:card\" content=\"summary_large_image\" \/>\n<meta name=\"twitter:label1\" content=\"Estimeret l\u00e6setid\" \/>\n\t<meta name=\"twitter:data1\" content=\"2 minutter\" \/>\n<script type=\"application\/ld+json\" class=\"yoast-schema-graph\">{\"@context\":\"https:\/\/schema.org\",\"@graph\":[{\"@type\":\"WebPage\",\"@id\":\"https:\/\/webaze.com\/web\/netvaerk-og-cloud\/\",\"url\":\"https:\/\/webaze.com\/web\/netvaerk-og-cloud\/\",\"name\":\"Netv\u00e6rk og Cloud - Webaze.com\",\"isPartOf\":{\"@id\":\"https:\/\/webaze.com\/web\/#website\"},\"primaryImageOfPage\":{\"@id\":\"https:\/\/webaze.com\/web\/netvaerk-og-cloud\/#primaryimage\"},\"image\":{\"@id\":\"https:\/\/webaze.com\/web\/netvaerk-og-cloud\/#primaryimage\"},\"thumbnailUrl\":\"https:\/\/webaze.com\/web\/wp-content\/uploads\/2023\/02\/SD-Wan-1024x644.webp\",\"datePublished\":\"2022-10-01T13:03:10+00:00\",\"dateModified\":\"2024-08-05T14:35:03+00:00\",\"description\":\"Webaze leverer netv\u00e6rk og cloud l\u00f8sninger til s\u00e6rligt mindre virksomheder til overkommelige priser - uddannet dansk arbejde, udf\u00f8rt lokalt\",\"breadcrumb\":{\"@id\":\"https:\/\/webaze.com\/web\/netvaerk-og-cloud\/#breadcrumb\"},\"inLanguage\":\"da-DK\",\"potentialAction\":[{\"@type\":\"ReadAction\",\"target\":[\"https:\/\/webaze.com\/web\/netvaerk-og-cloud\/\"]}]},{\"@type\":\"ImageObject\",\"inLanguage\":\"da-DK\",\"@id\":\"https:\/\/webaze.com\/web\/netvaerk-og-cloud\/#primaryimage\",\"url\":\"https:\/\/webaze.com\/web\/wp-content\/uploads\/2023\/02\/SD-Wan-1024x644.webp\",\"contentUrl\":\"https:\/\/webaze.com\/web\/wp-content\/uploads\/2023\/02\/SD-Wan-1024x644.webp\"},{\"@type\":\"BreadcrumbList\",\"@id\":\"https:\/\/webaze.com\/web\/netvaerk-og-cloud\/#breadcrumb\",\"itemListElement\":[{\"@type\":\"ListItem\",\"position\":1,\"name\":\"Hjem\",\"item\":\"https:\/\/webaze.com\/web\/\"},{\"@type\":\"ListItem\",\"position\":2,\"name\":\"Netv\u00e6rk og Cloud\"}]},{\"@type\":\"WebSite\",\"@id\":\"https:\/\/webaze.com\/web\/#website\",\"url\":\"https:\/\/webaze.com\/web\/\",\"name\":\"Webaze.com\",\"description\":\"Cloud - Netv\u00e6rk - VPN - Salto - SimonsVoss\",\"publisher\":{\"@id\":\"https:\/\/webaze.com\/web\/#organization\"},\"potentialAction\":[{\"@type\":\"SearchAction\",\"target\":{\"@type\":\"EntryPoint\",\"urlTemplate\":\"https:\/\/webaze.com\/web\/?s={search_term_string}\"},\"query-input\":{\"@type\":\"PropertyValueSpecification\",\"valueRequired\":true,\"valueName\":\"search_term_string\"}}],\"inLanguage\":\"da-DK\"},{\"@type\":\"Organization\",\"@id\":\"https:\/\/webaze.com\/web\/#organization\",\"name\":\"Webaze.com\",\"url\":\"https:\/\/webaze.com\/web\/\",\"logo\":{\"@type\":\"ImageObject\",\"inLanguage\":\"da-DK\",\"@id\":\"https:\/\/webaze.com\/web\/#\/schema\/logo\/image\/\",\"url\":\"https:\/\/webaze.com\/web\/wp-content\/uploads\/2022\/04\/full-size-icon_trimmed.png\",\"contentUrl\":\"https:\/\/webaze.com\/web\/wp-content\/uploads\/2022\/04\/full-size-icon_trimmed.png\",\"width\":946,\"height\":508,\"caption\":\"Webaze.com\"},\"image\":{\"@id\":\"https:\/\/webaze.com\/web\/#\/schema\/logo\/image\/\"}}]}<\/script>\n<!-- \/ Yoast SEO plugin. -->","yoast_head_json":{"title":"Netv\u00e6rk og Cloud - Webaze.com","description":"Webaze leverer netv\u00e6rk og cloud l\u00f8sninger til s\u00e6rligt mindre virksomheder til overkommelige priser - uddannet dansk arbejde, udf\u00f8rt lokalt","robots":{"index":"index","follow":"follow","max-snippet":"max-snippet:-1","max-image-preview":"max-image-preview:large","max-video-preview":"max-video-preview:-1"},"canonical":"https:\/\/webaze.com\/web\/netvaerk-og-cloud\/","og_locale":"da_DK","og_type":"article","og_title":"Netv\u00e6rk og Cloud - Webaze.com","og_description":"Webaze leverer netv\u00e6rk og cloud l\u00f8sninger til s\u00e6rligt mindre virksomheder til overkommelige priser - uddannet dansk arbejde, udf\u00f8rt lokalt","og_url":"https:\/\/webaze.com\/web\/netvaerk-og-cloud\/","og_site_name":"Webaze.com","article_modified_time":"2024-08-05T14:35:03+00:00","og_image":[{"url":"https:\/\/webaze.com\/web\/wp-content\/uploads\/2023\/02\/SD-Wan-1024x644.webp","type":"","width":"","height":""}],"twitter_card":"summary_large_image","twitter_misc":{"Estimeret l\u00e6setid":"2 minutter"},"schema":{"@context":"https:\/\/schema.org","@graph":[{"@type":"WebPage","@id":"https:\/\/webaze.com\/web\/netvaerk-og-cloud\/","url":"https:\/\/webaze.com\/web\/netvaerk-og-cloud\/","name":"Netv\u00e6rk og Cloud - Webaze.com","isPartOf":{"@id":"https:\/\/webaze.com\/web\/#website"},"primaryImageOfPage":{"@id":"https:\/\/webaze.com\/web\/netvaerk-og-cloud\/#primaryimage"},"image":{"@id":"https:\/\/webaze.com\/web\/netvaerk-og-cloud\/#primaryimage"},"thumbnailUrl":"https:\/\/webaze.com\/web\/wp-content\/uploads\/2023\/02\/SD-Wan-1024x644.webp","datePublished":"2022-10-01T13:03:10+00:00","dateModified":"2024-08-05T14:35:03+00:00","description":"Webaze leverer netv\u00e6rk og cloud l\u00f8sninger til s\u00e6rligt mindre virksomheder til overkommelige priser - uddannet dansk arbejde, udf\u00f8rt lokalt","breadcrumb":{"@id":"https:\/\/webaze.com\/web\/netvaerk-og-cloud\/#breadcrumb"},"inLanguage":"da-DK","potentialAction":[{"@type":"ReadAction","target":["https:\/\/webaze.com\/web\/netvaerk-og-cloud\/"]}]},{"@type":"ImageObject","inLanguage":"da-DK","@id":"https:\/\/webaze.com\/web\/netvaerk-og-cloud\/#primaryimage","url":"https:\/\/webaze.com\/web\/wp-content\/uploads\/2023\/02\/SD-Wan-1024x644.webp","contentUrl":"https:\/\/webaze.com\/web\/wp-content\/uploads\/2023\/02\/SD-Wan-1024x644.webp"},{"@type":"BreadcrumbList","@id":"https:\/\/webaze.com\/web\/netvaerk-og-cloud\/#breadcrumb","itemListElement":[{"@type":"ListItem","position":1,"name":"Hjem","item":"https:\/\/webaze.com\/web\/"},{"@type":"ListItem","position":2,"name":"Netv\u00e6rk og Cloud"}]},{"@type":"WebSite","@id":"https:\/\/webaze.com\/web\/#website","url":"https:\/\/webaze.com\/web\/","name":"Webaze.com","description":"Cloud - Netv\u00e6rk - VPN - Salto - SimonsVoss","publisher":{"@id":"https:\/\/webaze.com\/web\/#organization"},"potentialAction":[{"@type":"SearchAction","target":{"@type":"EntryPoint","urlTemplate":"https:\/\/webaze.com\/web\/?s={search_term_string}"},"query-input":{"@type":"PropertyValueSpecification","valueRequired":true,"valueName":"search_term_string"}}],"inLanguage":"da-DK"},{"@type":"Organization","@id":"https:\/\/webaze.com\/web\/#organization","name":"Webaze.com","url":"https:\/\/webaze.com\/web\/","logo":{"@type":"ImageObject","inLanguage":"da-DK","@id":"https:\/\/webaze.com\/web\/#\/schema\/logo\/image\/","url":"https:\/\/webaze.com\/web\/wp-content\/uploads\/2022\/04\/full-size-icon_trimmed.png","contentUrl":"https:\/\/webaze.com\/web\/wp-content\/uploads\/2022\/04\/full-size-icon_trimmed.png","width":946,"height":508,"caption":"Webaze.com"},"image":{"@id":"https:\/\/webaze.com\/web\/#\/schema\/logo\/image\/"}}]}},"_links":{"self":[{"href":"https:\/\/webaze.com\/web\/wp-json\/wp\/v2\/pages\/844","targetHints":{"allow":["GET"]}}],"collection":[{"href":"https:\/\/webaze.com\/web\/wp-json\/wp\/v2\/pages"}],"about":[{"href":"https:\/\/webaze.com\/web\/wp-json\/wp\/v2\/types\/page"}],"author":[{"embeddable":true,"href":"https:\/\/webaze.com\/web\/wp-json\/wp\/v2\/users\/1"}],"replies":[{"embeddable":true,"href":"https:\/\/webaze.com\/web\/wp-json\/wp\/v2\/comments?post=844"}],"version-history":[{"count":25,"href":"https:\/\/webaze.com\/web\/wp-json\/wp\/v2\/pages\/844\/revisions"}],"predecessor-version":[{"id":1262,"href":"https:\/\/webaze.com\/web\/wp-json\/wp\/v2\/pages\/844\/revisions\/1262"}],"wp:attachment":[{"href":"https:\/\/webaze.com\/web\/wp-json\/wp\/v2\/media?parent=844"}],"curies":[{"name":"wp","href":"https:\/\/api.w.org\/{rel}","templated":true}]}}